{"id":118,"date":"2021-10-26T09:26:27","date_gmt":"2021-10-26T07:26:27","guid":{"rendered":"https:\/\/grafix-dezign.de\/ilgmeier\/?page_id=118"},"modified":"2025-06-25T19:46:10","modified_gmt":"2025-06-25T17:46:10","slug":"ausstattung","status":"publish","type":"page","link":"https:\/\/tfi-ingenieure.de\/content\/ausstattung\/","title":{"rendered":"Qualit\u00e4t"},"content":{"rendered":"\n<div id=\"section-gd884f7\" class=\"wp-block-gutentor-e6 section-gd884f7 gutentor-element gutentor-element-image\"><div class=\"gutentor-element-image-box\"><div class=\"gutentor-bg-image\"><\/div><\/div><\/div>\n\n\n\n<section id=\"gm4aca27c\" class=\"wp-block-gutentor-m4 section-gm4aca27c gutentor-module gutentor-advanced-columns has-image-bg has-custom-bg\"><div class=\"grid-container\"><div class=\"grid-row\">\n<div id=\"col-gmd749ed\" class=\"wp-block-gutentor-m4-col col-gmd749ed gutentor-single-column  grid-lg-12 grid-md-12 grid-12\"><div id=\"section-gmd749ed\" class=\"section-gmd749ed gutentor-col-wrap\">\n<div id=\"section-g632893\" class=\"wp-block-gutentor-e1 section-g632893 gutentor-element gutentor-element-advanced-text\"><div class=\"gutentor-text-wrap\"><h2 class=\"gutentor-text\">Qualit\u00e4tssicherung<\/h2><\/div><\/div>\n\n\n\n<section id=\"g-zlcgnka\" class=\"wp-block-gutentor-m4 section-g-zlcgnka gutentor-module gutentor-advanced-columns\"><div class=\"grid-container\"><div class=\"grid-row\">\n<div id=\"col-g-1xkwynn\" class=\"wp-block-gutentor-m4-col col-g-1xkwynn gutentor-single-column  grid-lg-6 grid-md-12 grid-12\"><div id=\"section-g-1xkwynn\" class=\"section-g-1xkwynn gutentor-col-wrap\">\n<div id=\"section-gec9054\" class=\"wp-block-gutentor-e1 section-gec9054 gutentor-element gutentor-element-advanced-text\"><div class=\"gutentor-text-wrap\"><p class=\"gutentor-text\">Die Qualit\u00e4t unserer Leistungen wird durch zuverl\u00e4ssige interne Kontrollmechanismen zur Umsetzung von Qualit\u00e4tsstandards und zertifizierte Abl\u00e4ufe in Anlehnung an den Standard DIN EN ISO 9001:2008 sichergestellt.<br><br>Die Einhaltung von Normen und Richtlinien sowie der Einsatz von Fachliteratur und organisatorischen Hilfsmitteln wie Checklisten gew\u00e4hrleisten zus\u00e4tzlich die Qualit\u00e4t unserer Leistungen in hohem Ma\u00df.<\/p><\/div><\/div>\n<\/div><\/div>\n\n\n\n<div id=\"col-g-va91v29\" class=\"wp-block-gutentor-m4-col col-g-va91v29 gutentor-single-column  grid-lg-6 grid-md-12 grid-12\"><div id=\"section-g-va91v29\" class=\"section-g-va91v29 gutentor-col-wrap\">\n<div id=\"section-g-pp0p1sy\" class=\"wp-block-gutentor-e1 section-g-pp0p1sy gutentor-element gutentor-element-advanced-text\"><div class=\"gutentor-text-wrap\"><p class=\"gutentor-text\">Technische Rechenverfahren und standardisierte Leistungsbeschreibungen kommen dabei ebenso zum Einsatz wie moderne EDV-Systeme und technische Berechnungsprogramme.<br><br>Eine zuverl\u00e4ssige und konsequente Schnittstellenkoordination, Budgetverfolgung und Termin\u00fcberwachung stellen einen reibungslosen Ablauf w\u00e4hrend der Bauphase sicher und erm\u00f6glichen eine fristgerechte \u00dcbergabe der Projekte.<\/p><\/div><\/div>\n<\/div><\/div>\n<\/div><\/div><\/section>\n\n\n\n<section id=\"g-v1rv111\" class=\"wp-block-gutentor-m4 section-g-v1rv111 gutentor-module gutentor-advanced-columns\"><div class=\"grid-container\"><div class=\"grid-row\">\n<div id=\"col-g-71qgegu\" class=\"wp-block-gutentor-m4-col col-g-71qgegu gutentor-single-column  grid-lg-6 grid-md-12 grid-12\"><div id=\"section-g-71qgegu\" class=\"section-g-71qgegu gutentor-col-wrap\">\n<section id=\"g-dwd5d75\" class=\"wp-block-gutentor-m4 section-g-dwd5d75 gutentor-module gutentor-advanced-columns has-color-bg has-custom-bg has-gutentor-overlay\"><div class=\"grid-container\"><div class=\"grid-row\">\n<div id=\"col-g-1f7r73b\" class=\"wp-block-gutentor-m4-col col-g-1f7r73b gutentor-single-column  grid-lg-12 grid-md-12 grid-12\"><div id=\"section-g-1f7r73b\" class=\"section-g-1f7r73b gutentor-col-wrap\">\n<div id=\"section-g-gaqb8gq\" class=\"wp-block-gutentor-e1 section-g-gaqb8gq gutentor-element gutentor-element-advanced-text text-align-center-desktop\"><div class=\"gutentor-text-wrap\"><h3 class=\"gutentor-text\">Wir sind Mitglied im<\/h3><\/div><\/div>\n\n\n\n<section id=\"g-7tu1j5h\" class=\"wp-block-gutentor-m4 section-g-7tu1j5h gutentor-module gutentor-advanced-columns\"><div class=\"grid-container\"><div class=\"grid-row\">\n<div id=\"col-g-j7a1112\" class=\"wp-block-gutentor-m4-col col-g-j7a1112 gutentor-single-column  grid-lg-6 grid-md-12 grid-12\"><div id=\"section-g-j7a1112\" class=\"section-g-j7a1112 gutentor-col-wrap\">\n<div id=\"section-g-zsom3dd\" class=\"wp-block-gutentor-e6 section-g-zsom3dd gutentor-element gutentor-element-image text-align-center-desktop\"><div class=\"gutentor-element-image-box\"><div class=\"gutentor-image-thumb\"><img decoding=\"async\" class=\"normal-image\" src=\"https:\/\/tfi-ingenieure.de\/content\/wp-content\/uploads\/2022\/11\/vdi.jpg\"\/><\/div><\/div><\/div>\n\n\n\n<div id=\"section-g-ffln6ya\" class=\"wp-block-gutentor-e1 section-g-ffln6ya gutentor-element gutentor-element-advanced-text text-align-center-desktop\"><div class=\"gutentor-text-wrap\"><p class=\"gutentor-text\">Verein Deutscher Ingenieure<\/p><\/div><\/div>\n<\/div><\/div>\n\n\n\n<div id=\"col-g-rcgm01a\" class=\"wp-block-gutentor-m4-col col-g-rcgm01a gutentor-single-column  grid-lg-6 grid-md-12 grid-12\"><div id=\"section-g-rcgm01a\" class=\"section-g-rcgm01a gutentor-col-wrap\">\n<div id=\"section-g-toi47aj\" class=\"wp-block-gutentor-e6 section-g-toi47aj gutentor-element gutentor-element-image text-align-center-desktop\"><div class=\"gutentor-element-image-box\"><div class=\"gutentor-image-thumb\"><img decoding=\"async\" class=\"normal-image\" src=\"https:\/\/tfi-ingenieure.de\/content\/wp-content\/uploads\/2022\/04\/vbi.gif\"\/><\/div><\/div><\/div>\n\n\n\n<div id=\"section-g-0v5v409\" class=\"wp-block-gutentor-e1 section-g-0v5v409 gutentor-element gutentor-element-advanced-text text-align-center-desktop\"><div class=\"gutentor-text-wrap\"><p class=\"gutentor-text\">Verband Beratender Ingenieure <\/p><\/div><\/div>\n<\/div><\/div>\n<\/div><\/div><\/section>\n<\/div><\/div>\n<\/div><\/div><\/section>\n<\/div><\/div>\n\n\n\n<div id=\"col-g-0n7un44\" class=\"wp-block-gutentor-m4-col col-g-0n7un44 gutentor-single-column  grid-lg-6 grid-md-12 grid-12\"><div id=\"section-g-0n7un44\" class=\"section-g-0n7un44 gutentor-col-wrap\"><\/div><\/div>\n<\/div><\/div><\/section>\n<\/div><\/div>\n<\/div><\/div><\/section>\n","protected":false},"excerpt":{"rendered":"","protected":false},"author":2,"featured_media":0,"parent":0,"menu_order":0,"comment_status":"closed","ping_status":"closed","template":"template-gutentor-full-width.php","meta":{"footnotes":""},"class_list":["post-118","page","type-page","status-publish","hentry"],"_links":{"self":[{"href":"https:\/\/tfi-ingenieure.de\/content\/wp-json\/wp\/v2\/pages\/118","targetHints":{"allow":["GET"]}}],"collection":[{"href":"https:\/\/tfi-ingenieure.de\/content\/wp-json\/wp\/v2\/pages"}],"about":[{"href":"https:\/\/tfi-ingenieure.de\/content\/wp-json\/wp\/v2\/types\/page"}],"author":[{"embeddable":true,"href":"https:\/\/tfi-ingenieure.de\/content\/wp-json\/wp\/v2\/users\/2"}],"replies":[{"embeddable":true,"href":"https:\/\/tfi-ingenieure.de\/content\/wp-json\/wp\/v2\/comments?post=118"}],"version-history":[{"count":26,"href":"https:\/\/tfi-ingenieure.de\/content\/wp-json\/wp\/v2\/pages\/118\/revisions"}],"predecessor-version":[{"id":1952,"href":"https:\/\/tfi-ingenieure.de\/content\/wp-json\/wp\/v2\/pages\/118\/revisions\/1952"}],"wp:attachment":[{"href":"https:\/\/tfi-ingenieure.de\/content\/wp-json\/wp\/v2\/media?parent=118"}],"curies":[{"name":"wp","href":"https:\/\/api.w.org\/{rel}","templated":true}]}}