{"id":120,"date":"2021-10-26T09:26:58","date_gmt":"2021-10-26T07:26:58","guid":{"rendered":"https:\/\/grafix-dezign.de\/ilgmeier\/?page_id=120"},"modified":"2025-06-25T17:40:57","modified_gmt":"2025-06-25T15:40:57","slug":"referenzen","status":"publish","type":"page","link":"https:\/\/tfi-ingenieure.de\/content\/referenzen\/","title":{"rendered":"Projekte"},"content":{"rendered":"\n<div id=\"section-g9bff61\" class=\"wp-block-gutentor-e6 section-g9bff61 gutentor-element gutentor-element-image\"><div class=\"gutentor-element-image-box\"><div class=\"gutentor-bg-image\"><\/div><\/div><\/div>\n\n\n\n<section id=\"gmdca9709\" class=\"wp-block-gutentor-m4 section-gmdca9709 gutentor-module gutentor-advanced-columns has-image-bg has-custom-bg\"><div class=\"grid-container\"><div class=\"grid-row\">\n<div id=\"col-gmd76a75\" class=\"wp-block-gutentor-m4-col col-gmd76a75 gutentor-single-column  grid-lg-12 grid-md-12 grid-12\"><div id=\"section-gmd76a75\" class=\"section-gmd76a75 gutentor-col-wrap\">\n<div id=\"section-g6b150a\" class=\"wp-block-gutentor-e1 section-g6b150a gutentor-element gutentor-element-advanced-text\"><div class=\"gutentor-text-wrap\"><h2 class=\"gutentor-text\">Referenzprojekte<\/h2><\/div><\/div>\n\n\n\n<div id=\"section-g17e25e\" class=\"wp-block-gutentor-e1 section-g17e25e gutentor-element gutentor-element-advanced-text\"><div class=\"gutentor-text-wrap\"><p class=\"gutentor-text\">Mit vielen unserer Kunden, zu denen Forschungsinstitute, Bauverwaltungen, Industrieunternehmen, Bildungseinrichtungen, Kliniken und Architekturb\u00fcros z\u00e4hlen, unterhalten wir langj\u00e4hrige und auf gegenseitigem Vertrauen begr\u00fcndete Gesch\u00e4ftsbeziehungen. Hier ein Auszug realisierter Projekte.<\/p><\/div><\/div>\n\n\n\n<section id=\"gm9e41bb5\" class=\"wp-block-gutentor-m4 section-gm9e41bb5 gutentor-module gutentor-advanced-columns\"><div class=\"grid-container\"><div class=\"grid-row\">\n<div id=\"col-gm89e286\" class=\"wp-block-gutentor-m4-col col-gm89e286 gutentor-single-column  grid-lg-4 grid-md-12 grid-12\"><div id=\"section-gm89e286\" class=\"section-gm89e286 gutentor-col-wrap\">\n<div id=\"section-g821d9f\" class=\"wp-block-gutentor-e1 section-g821d9f gutentor-element gutentor-element-advanced-text\"><div class=\"gutentor-text-wrap\"><h3 class=\"gutentor-text\">Forschungsbauten<\/h3><\/div><\/div>\n\n\n\n<div id=\"section-gbccb39\" class=\"wp-block-gutentor-e6 section-gbccb39 gutentor-element gutentor-element-image\"><div class=\"gutentor-element-image-box\"><a class=\"gutentor-element-image-link\" href=\"https:\/\/tfi-ingenieure.de\/content\/institutsgebaeude\/\"><div class=\"gutentor-image-thumb\"><img decoding=\"async\" class=\"normal-image\" src=\"https:\/\/tfi-ingenieure.de\/content\/wp-content\/uploads\/2022\/10\/projekte-institute-teaser.jpg\"\/><\/div><\/a><\/div><\/div>\n<\/div><\/div>\n\n\n\n<div id=\"col-gm2fb7d0\" class=\"wp-block-gutentor-m4-col col-gm2fb7d0 gutentor-single-column  grid-lg-4 grid-md-12 grid-12\"><div id=\"section-gm2fb7d0\" class=\"section-gm2fb7d0 gutentor-col-wrap\">\n<div id=\"section-g669f16\" class=\"wp-block-gutentor-e1 section-g669f16 gutentor-element gutentor-element-advanced-text\"><div class=\"gutentor-text-wrap\"><h3 class=\"gutentor-text\">Laborbauten<\/h3><\/div><\/div>\n\n\n\n<div id=\"section-gfc92f4\" class=\"wp-block-gutentor-e6 section-gfc92f4 gutentor-element gutentor-element-image\"><div class=\"gutentor-element-image-box\"><a class=\"gutentor-element-image-link\" href=\"https:\/\/tfi-ingenieure.de\/content\/laborbauten\/\"><div class=\"gutentor-image-thumb\"><img decoding=\"async\" class=\"normal-image\" src=\"https:\/\/tfi-ingenieure.de\/content\/wp-content\/uploads\/2022\/10\/uni-darmstadt-teaser-1.jpg\"\/><\/div><\/a><\/div><\/div>\n<\/div><\/div>\n\n\n\n<div id=\"col-gm53c010\" class=\"wp-block-gutentor-m4-col col-gm53c010 gutentor-single-column  grid-lg-4 grid-md-12 grid-12\"><div id=\"section-gm53c010\" class=\"section-gm53c010 gutentor-col-wrap\">\n<div id=\"section-g47aa59\" class=\"wp-block-gutentor-e1 section-g47aa59 gutentor-element gutentor-element-advanced-text\"><div class=\"gutentor-text-wrap\"><h3 class=\"gutentor-text\">Baudenkm\u00e4ler<\/h3><\/div><\/div>\n\n\n\n<div id=\"section-gc23871\" class=\"wp-block-gutentor-e6 section-gc23871 gutentor-element gutentor-element-image\"><div class=\"gutentor-element-image-box\"><a class=\"gutentor-element-image-link\" href=\"https:\/\/tfi-ingenieure.de\/content\/baudenkmaeler\/\"><div class=\"gutentor-image-thumb\"><img decoding=\"async\" class=\"normal-image\" src=\"https:\/\/tfi-ingenieure.de\/content\/wp-content\/uploads\/2022\/11\/projekte-teaser-baudenkmael.jpg\"\/><\/div><\/a><\/div><\/div>\n<\/div><\/div>\n<\/div><\/div><\/section>\n\n\n\n<section id=\"gmb8ea889\" class=\"wp-block-gutentor-m4 section-gmb8ea889 gutentor-module gutentor-advanced-columns\"><div class=\"grid-container\"><div class=\"grid-row\">\n<div id=\"col-gmd0560c\" class=\"wp-block-gutentor-m4-col col-gmd0560c gutentor-single-column  grid-lg-4 grid-md-12 grid-12\"><div id=\"section-gmd0560c\" class=\"section-gmd0560c gutentor-col-wrap\">\n<div id=\"section-gedc197\" class=\"wp-block-gutentor-e1 section-gedc197 gutentor-element gutentor-element-advanced-text\"><div class=\"gutentor-text-wrap\"><h3 class=\"gutentor-text\">Dienstgeb\u00e4ude<\/h3><\/div><\/div>\n\n\n\n<div id=\"section-ge93d86\" class=\"wp-block-gutentor-e6 section-ge93d86 gutentor-element gutentor-element-image\"><div class=\"gutentor-element-image-box\"><a class=\"gutentor-element-image-link\" href=\"https:\/\/tfi-ingenieure.de\/content\/dienstgebaeude\/\"><div class=\"gutentor-image-thumb\"><img decoding=\"async\" class=\"normal-image\" src=\"https:\/\/tfi-ingenieure.de\/content\/wp-content\/uploads\/2022\/11\/dienstgebaude-teaser.jpg\"\/><\/div><\/a><\/div><\/div>\n<\/div><\/div>\n\n\n\n<div id=\"col-gm95a441\" class=\"wp-block-gutentor-m4-col col-gm95a441 gutentor-single-column  grid-lg-4 grid-md-12 grid-12\"><div id=\"section-gm95a441\" class=\"section-gm95a441 gutentor-col-wrap\">\n<div id=\"section-g3f3835\" class=\"wp-block-gutentor-e1 section-g3f3835 gutentor-element gutentor-element-advanced-text\"><div class=\"gutentor-text-wrap\"><h3 class=\"gutentor-text\">Bildungseinrichtungen<\/h3><\/div><\/div>\n\n\n\n<div id=\"section-g54007c\" class=\"wp-block-gutentor-e6 section-g54007c gutentor-element gutentor-element-image\"><div class=\"gutentor-element-image-box\"><a class=\"gutentor-element-image-link\" href=\"https:\/\/tfi-ingenieure.de\/content\/bildungseinrichtungen\/\"><div class=\"gutentor-image-thumb\"><img decoding=\"async\" class=\"normal-image\" src=\"https:\/\/tfi-ingenieure.de\/content\/wp-content\/uploads\/2022\/12\/projekte-bildung-teaser-1.jpg\"\/><\/div><\/a><\/div><\/div>\n<\/div><\/div>\n\n\n\n<div id=\"col-gm7f993f\" class=\"wp-block-gutentor-m4-col col-gm7f993f gutentor-single-column  grid-lg-4 grid-md-12 grid-12\"><div id=\"section-gm7f993f\" class=\"section-gm7f993f gutentor-col-wrap\"><\/div><\/div>\n<\/div><\/div><\/section>\n<\/div><\/div>\n<\/div><\/div><\/section>\n","protected":false},"excerpt":{"rendered":"","protected":false},"author":2,"featured_media":0,"parent":0,"menu_order":0,"comment_status":"closed","ping_status":"closed","template":"template-gutentor-full-width.php","meta":{"footnotes":""},"class_list":["post-120","page","type-page","status-publish","hentry"],"_links":{"self":[{"href":"https:\/\/tfi-ingenieure.de\/content\/wp-json\/wp\/v2\/pages\/120","targetHints":{"allow":["GET"]}}],"collection":[{"href":"https:\/\/tfi-ingenieure.de\/content\/wp-json\/wp\/v2\/pages"}],"about":[{"href":"https:\/\/tfi-ingenieure.de\/content\/wp-json\/wp\/v2\/types\/page"}],"author":[{"embeddable":true,"href":"https:\/\/tfi-ingenieure.de\/content\/wp-json\/wp\/v2\/users\/2"}],"replies":[{"embeddable":true,"href":"https:\/\/tfi-ingenieure.de\/content\/wp-json\/wp\/v2\/comments?post=120"}],"version-history":[{"count":49,"href":"https:\/\/tfi-ingenieure.de\/content\/wp-json\/wp\/v2\/pages\/120\/revisions"}],"predecessor-version":[{"id":1945,"href":"https:\/\/tfi-ingenieure.de\/content\/wp-json\/wp\/v2\/pages\/120\/revisions\/1945"}],"wp:attachment":[{"href":"https:\/\/tfi-ingenieure.de\/content\/wp-json\/wp\/v2\/media?parent=120"}],"curies":[{"name":"wp","href":"https:\/\/api.w.org\/{rel}","templated":true}]}}