{"id":381,"date":"2022-09-26T12:06:10","date_gmt":"2022-09-26T10:06:10","guid":{"rendered":"https:\/\/grafix-dezign.de\/tfi-ingenieure\/?page_id=381"},"modified":"2025-06-25T17:01:17","modified_gmt":"2025-06-25T15:01:17","slug":"institutsgebaeude","status":"publish","type":"page","link":"https:\/\/tfi-ingenieure.de\/content\/institutsgebaeude\/","title":{"rendered":"Forschungsbauten"},"content":{"rendered":"\n<div id=\"section-g0ac574\" class=\"wp-block-gutentor-e6 section-g0ac574 gutentor-element gutentor-element-image\"><div class=\"gutentor-element-image-box\"><div class=\"gutentor-bg-image\"><\/div><\/div><\/div>\n\n\n\n<section id=\"gmf1421fd\" class=\"wp-block-gutentor-m4 section-gmf1421fd gutentor-module gutentor-advanced-columns has-image-bg has-custom-bg\"><div class=\"grid-container\"><div class=\"grid-row\">\n<div id=\"col-gm337397\" class=\"wp-block-gutentor-m4-col col-gm337397 gutentor-single-column  grid-lg-12 grid-md-12 grid-12\"><div id=\"section-gm337397\" class=\"section-gm337397 gutentor-col-wrap\">\n<div id=\"section-g4d0e7b\" class=\"wp-block-gutentor-e1 section-g4d0e7b gutentor-element gutentor-element-advanced-text\"><div class=\"gutentor-text-wrap\"><p class=\"gutentor-text\"><a href=\"https:\/\/tfi-ingenieure.de\/content\/referenzen\/\" data-type=\"page\">Projektauswahl<\/a>  I  <span style=\"color:#024484\" class=\"has-inline-color\"><strong>Forschungsbauten<\/strong><\/span>  I  <a href=\"https:\/\/tfi-ingenieure.de\/content\/laborbauten\/\" data-type=\"page\">Laborbauten<\/a>  I  <a href=\"https:\/\/tfi-ingenieure.de\/content\/baudenkmaeler\/\" data-type=\"page\">Baudenkm\u00e4ler<\/a>  I  <a href=\"https:\/\/tfi-ingenieure.de\/content\/dienstgebaeude\/\" data-type=\"page\">Dienstgeb\u00e4ude<\/a>  I  <a href=\"https:\/\/tfi-ingenieure.de\/content\/bildungseinrichtungen\/\" data-type=\"page\">Bildungseinrichtungen<\/a><\/p><\/div><\/div>\n\n\n\n<div id=\"section-g534e55\" class=\"wp-block-gutentor-e1 section-g534e55 gutentor-element gutentor-element-advanced-text\"><div class=\"gutentor-text-wrap\"><h2 class=\"gutentor-text\">Forschungsbauten<\/h2><\/div><\/div>\n\n\n\n<div id=\"section-geb13cd\" class=\"wp-block-gutentor-e1 section-geb13cd gutentor-element gutentor-element-advanced-text\"><div class=\"gutentor-text-wrap\"><p class=\"gutentor-text\">Mit vielen unserer Kunden unterhalten wir langj\u00e4hrige und auf gegenseitigem Vertrauen begr\u00fcndete Gesch\u00e4ftsbeziehungen. Hier ein Auszug realisierter Projekte.<\/p><\/div><\/div>\n\n\n\n<section id=\"gme0238c2\" class=\"wp-block-gutentor-m4 section-gme0238c2 gutentor-module gutentor-advanced-columns\"><div class=\"grid-container\"><div class=\"grid-row\">\n<div id=\"col-gmfa6642\" class=\"wp-block-gutentor-m4-col col-gmfa6642 gutentor-single-column  grid-lg-4 grid-md-12 grid-12\"><div id=\"section-gmfa6642\" class=\"section-gmfa6642 gutentor-col-wrap\">\n<div id=\"section-g6dcdad\" class=\"wp-block-gutentor-e6 section-g6dcdad gutentor-element gutentor-element-image\"><div class=\"gutentor-element-image-box\"><a class=\"gutentor-element-image-link\" href=\"https:\/\/tfi-ingenieure.de\/content\/fraunhofer-institut-alzenau\/\"><div class=\"gutentor-image-thumb\"><img decoding=\"async\" class=\"normal-image\" src=\"https:\/\/tfi-ingenieure.de\/content\/wp-content\/uploads\/2022\/09\/frauenhofer-teaser.jpg\"\/><\/div><\/a><\/div><\/div>\n\n\n\n<div id=\"section-g6552bd\" class=\"wp-block-gutentor-e1 section-g6552bd gutentor-element gutentor-element-advanced-text\"><div class=\"gutentor-text-wrap\"><p class=\"gutentor-text\">Fraunhofer-Institut IWKS, Alzenau<\/p><\/div><\/div>\n<\/div><\/div>\n\n\n\n<div id=\"col-gmfefd57\" class=\"wp-block-gutentor-m4-col col-gmfefd57 gutentor-single-column  grid-lg-4 grid-md-12 grid-12\"><div id=\"section-gmfefd57\" class=\"section-gmfefd57 gutentor-col-wrap\">\n<div id=\"section-ga14f3d\" class=\"wp-block-gutentor-e6 section-ga14f3d gutentor-element gutentor-element-image\"><div class=\"gutentor-element-image-box\"><a class=\"gutentor-element-image-link\" href=\"https:\/\/tfi-ingenieure.de\/content\/fraunhofer-institut-iosb-ict-mit-kit-karlsruhe\/\"><div class=\"gutentor-image-thumb\"><img decoding=\"async\" class=\"normal-image\" src=\"https:\/\/tfi-ingenieure.de\/content\/wp-content\/uploads\/2022\/09\/frauenhofer-teaser2-1.jpg\"\/><\/div><\/a><\/div><\/div>\n\n\n\n<div id=\"section-g0f07c3\" class=\"wp-block-gutentor-e1 section-g0f07c3 gutentor-element gutentor-element-advanced-text\"><div class=\"gutentor-text-wrap\"><p class=\"gutentor-text\">Fraunhofer-Institut IOSB mit KIT, Karlsruhe<\/p><\/div><\/div>\n<\/div><\/div>\n\n\n\n<div id=\"col-gm632dc3\" class=\"wp-block-gutentor-m4-col col-gm632dc3 gutentor-single-column  grid-lg-4 grid-md-12 grid-12\"><div id=\"section-gm632dc3\" class=\"section-gm632dc3 gutentor-col-wrap\">\n<div id=\"section-g064b99\" class=\"wp-block-gutentor-e6 section-g064b99 gutentor-element gutentor-element-image\"><div class=\"gutentor-element-image-box\"><a class=\"gutentor-element-image-link\" href=\"https:\/\/tfi-ingenieure.de\/content\/fraunhofer-institut-iimm-mainz\/\"><div class=\"gutentor-image-thumb\"><img decoding=\"async\" class=\"normal-image\" src=\"https:\/\/tfi-ingenieure.de\/content\/wp-content\/uploads\/2022\/12\/frauenhofer-teaser3.jpg\"\/><\/div><\/a><\/div><\/div>\n\n\n\n<div id=\"section-g633db6\" class=\"wp-block-gutentor-e1 section-g633db6 gutentor-element gutentor-element-advanced-text\"><div class=\"gutentor-text-wrap\"><p class=\"gutentor-text\">Fraunhofer-Institut IMM, Mainz<\/p><\/div><\/div>\n<\/div><\/div>\n<\/div><\/div><\/section>\n\n\n\n<section id=\"gmc5da683\" class=\"wp-block-gutentor-m4 section-gmc5da683 gutentor-module gutentor-advanced-columns\"><div class=\"grid-container\"><div class=\"grid-row\">\n<div id=\"col-gmcb8076\" class=\"wp-block-gutentor-m4-col col-gmcb8076 gutentor-single-column  grid-lg-4 grid-md-12 grid-12\"><div id=\"section-gmcb8076\" class=\"section-gmcb8076 gutentor-col-wrap\">\n<div id=\"section-g270989\" class=\"wp-block-gutentor-e6 section-g270989 gutentor-element gutentor-element-image\"><div class=\"gutentor-element-image-box\"><a class=\"gutentor-element-image-link\" href=\"https:\/\/tfi-ingenieure.de\/content\/max-planck-institut-fuer-informatik-saarbruecken\/\"><div class=\"gutentor-image-thumb\"><img decoding=\"async\" class=\"normal-image\" src=\"https:\/\/tfi-ingenieure.de\/content\/wp-content\/uploads\/2022\/09\/max-planck-teaser1.jpg\"\/><\/div><\/a><\/div><\/div>\n\n\n\n<div id=\"section-g4a0b00\" class=\"wp-block-gutentor-e1 section-g4a0b00 gutentor-element gutentor-element-advanced-text\"><div class=\"gutentor-text-wrap\"><p class=\"gutentor-text\">Max-Planck-Institut f\u00fcr Informatik, Saarbr\u00fccken<\/p><\/div><\/div>\n<\/div><\/div>\n\n\n\n<div id=\"col-gm4bd043\" class=\"wp-block-gutentor-m4-col col-gm4bd043 gutentor-single-column  grid-lg-4 grid-md-12 grid-12\"><div id=\"section-gm4bd043\" class=\"section-gm4bd043 gutentor-col-wrap\">\n<div id=\"section-ga6c7ec\" class=\"wp-block-gutentor-e6 section-ga6c7ec gutentor-element gutentor-element-image\"><div class=\"gutentor-element-image-box\"><a class=\"gutentor-element-image-link\" href=\"https:\/\/tfi-ingenieure.de\/content\/max-planck-institut-fuer-hirnforschung-frankfurt\/\"><div class=\"gutentor-image-thumb\"><img decoding=\"async\" class=\"normal-image\" src=\"https:\/\/tfi-ingenieure.de\/content\/wp-content\/uploads\/2022\/09\/max-planck-teaser2.jpg\"\/><\/div><\/a><\/div><\/div>\n\n\n\n<div id=\"section-g1d1f34\" class=\"wp-block-gutentor-e1 section-g1d1f34 gutentor-element gutentor-element-advanced-text\"><div class=\"gutentor-text-wrap\"><p class=\"gutentor-text\">Max-Planck-Institut f\u00fcr Hirnforschung, Frankfurt<\/p><\/div><\/div>\n<\/div><\/div>\n\n\n\n<div id=\"col-gm40fd8f\" class=\"wp-block-gutentor-m4-col col-gm40fd8f gutentor-single-column  grid-lg-4 grid-md-12 grid-12\"><div id=\"section-gm40fd8f\" class=\"section-gm40fd8f gutentor-col-wrap\">\n<div id=\"section-g64a8a1\" class=\"wp-block-gutentor-e6 section-g64a8a1 gutentor-element gutentor-element-image\"><div class=\"gutentor-element-image-box\"><a class=\"gutentor-element-image-link\" href=\"https:\/\/tfi-ingenieure.de\/content\/max-planck-institut-fuer-voelkerrecht-heidelberg\/\"><div class=\"gutentor-image-thumb\"><img decoding=\"async\" class=\"normal-image\" src=\"https:\/\/tfi-ingenieure.de\/content\/wp-content\/uploads\/2022\/10\/max-planck-teaser3.jpg\"\/><\/div><\/a><\/div><\/div>\n\n\n\n<div id=\"section-g974251\" class=\"wp-block-gutentor-e1 section-g974251 gutentor-element gutentor-element-advanced-text\"><div class=\"gutentor-text-wrap\"><p class=\"gutentor-text\"> Max-Planck-Institut f\u00fcr ausl\u00e4ndisches \u00f6ffentliches Recht und V\u00f6lkerrecht, Heidelberg<\/p><\/div><\/div>\n<\/div><\/div>\n<\/div><\/div><\/section>\n<\/div><\/div>\n<\/div><\/div><\/section>\n","protected":false},"excerpt":{"rendered":"","protected":false},"author":2,"featured_media":0,"parent":0,"menu_order":0,"comment_status":"closed","ping_status":"closed","template":"template-gutentor-full-width.php","meta":{"footnotes":""},"class_list":["post-381","page","type-page","status-publish","hentry"],"_links":{"self":[{"href":"https:\/\/tfi-ingenieure.de\/content\/wp-json\/wp\/v2\/pages\/381","targetHints":{"allow":["GET"]}}],"collection":[{"href":"https:\/\/tfi-ingenieure.de\/content\/wp-json\/wp\/v2\/pages"}],"about":[{"href":"https:\/\/tfi-ingenieure.de\/content\/wp-json\/wp\/v2\/types\/page"}],"author":[{"embeddable":true,"href":"https:\/\/tfi-ingenieure.de\/content\/wp-json\/wp\/v2\/users\/2"}],"replies":[{"embeddable":true,"href":"https:\/\/tfi-ingenieure.de\/content\/wp-json\/wp\/v2\/comments?post=381"}],"version-history":[{"count":52,"href":"https:\/\/tfi-ingenieure.de\/content\/wp-json\/wp\/v2\/pages\/381\/revisions"}],"predecessor-version":[{"id":1911,"href":"https:\/\/tfi-ingenieure.de\/content\/wp-json\/wp\/v2\/pages\/381\/revisions\/1911"}],"wp:attachment":[{"href":"https:\/\/tfi-ingenieure.de\/content\/wp-json\/wp\/v2\/media?parent=381"}],"curies":[{"name":"wp","href":"https:\/\/api.w.org\/{rel}","templated":true}]}}