{"id":44,"date":"2019-10-31T09:51:28","date_gmt":"2019-10-31T09:51:28","guid":{"rendered":"https:\/\/www.demo.cosmoswp.com\/demo-9\/?page_id=54"},"modified":"2025-06-25T20:19:59","modified_gmt":"2025-06-25T18:19:59","slug":"karriere","status":"publish","type":"page","link":"https:\/\/tfi-ingenieure.de\/content\/karriere\/","title":{"rendered":"KARRIERE"},"content":{"rendered":"\n<div id=\"section-g8cd055\" class=\"wp-block-gutentor-e6 section-g8cd055 gutentor-element gutentor-element-image\"><div class=\"gutentor-element-image-box\"><div class=\"gutentor-bg-image\"><\/div><\/div><\/div>\n\n\n\n<section id=\"gmb780e0a\" class=\"wp-block-gutentor-m4 section-gmb780e0a gutentor-module gutentor-advanced-columns has-image-bg has-custom-bg\"><div class=\"grid-container\"><div class=\"grid-row\">\n<div id=\"col-gm5b16c8\" class=\"wp-block-gutentor-m4-col col-gm5b16c8 gutentor-single-column  grid-lg-12 grid-md-12 grid-12\"><div id=\"section-gm5b16c8\" class=\"section-gm5b16c8 gutentor-col-wrap\">\n<div id=\"section-g1a25af\" class=\"wp-block-gutentor-e1 section-g1a25af gutentor-element gutentor-element-advanced-text\"><div class=\"gutentor-text-wrap\"><h2 class=\"gutentor-text\">Planen Sie mit uns<\/h2><\/div><\/div>\n\n\n\n<section id=\"g-llv594b\" class=\"wp-block-gutentor-m4 section-g-llv594b gutentor-module gutentor-advanced-columns\"><div class=\"grid-container\"><div class=\"grid-row\">\n<div id=\"col-g-6s0dyhc\" class=\"wp-block-gutentor-m4-col col-g-6s0dyhc gutentor-single-column  grid-lg-6 grid-md-12 grid-12\"><div id=\"section-g-6s0dyhc\" class=\"section-g-6s0dyhc gutentor-col-wrap\">\n<div id=\"section-g3aa36d\" class=\"wp-block-gutentor-e1 section-g3aa36d gutentor-element gutentor-element-advanced-text\"><div class=\"gutentor-text-wrap\"><p class=\"gutentor-text\">Als erfolgreiches mittelst\u00e4ndisches Ingenieurb\u00fcro mit einem starken Team sind wir f\u00fcr die Umsetzung unserer vielseitigen Projekte stets auf der Suche nach motivierten und kompetenten Mitarbeiter:innen.<br><br>Wir bieten eine interessante und abwechslungsreiche Besch\u00e4ftigung&nbsp;f\u00fcr Ingenieur:innen der Elektrotechnik, Elektromeister:innen, technischen Systemplaner:innen und B\u00fcrokaufleuten in Festanstellung mit gleitender Arbeitszeit in einem engagierten Team und&nbsp;leisten zudem einen Beitrag zur betrieblichen Altersvorsorge.<\/p><\/div><\/div>\n<\/div><\/div>\n\n\n\n<div id=\"col-g-gfyxk2f\" class=\"wp-block-gutentor-m4-col col-g-gfyxk2f gutentor-single-column  grid-lg-6 grid-md-12 grid-12\"><div id=\"section-g-gfyxk2f\" class=\"section-g-gfyxk2f gutentor-col-wrap\">\n<div id=\"section-g-wtzg717\" class=\"wp-block-gutentor-e1 section-g-wtzg717 gutentor-element gutentor-element-advanced-text\"><div class=\"gutentor-text-wrap\"><p class=\"gutentor-text\">Um den Anforderungen moderner Geb\u00e4udeausr\u00fcstung gerecht zu werden und auf dem neuesten Stand der Technik zu bleiben, werden unsere Mitarbeiter:innen mit umfangreichen Schulungsma\u00dfnahmen und Weiterbildungsprogrammen gef\u00f6rdert.<br><br>Unabh\u00e4ngig von kulturellem Hintergrund, Nationalit\u00e4t, ethnischer Zugeh\u00f6rigkeit, Geschlecht, sexueller Orientierung, k\u00f6rperlichen F\u00e4higkeiten, Religion, Werdegang, Generation und Erfahrung m\u00f6chten wir qualifizierte Mitarbeiter:innen f\u00fcr unser Unternehmen gewinnen, f\u00f6rdern und langfristig an uns binden.<br><br>Wir&nbsp;freuen uns Sie kennenzulernen!<\/p><\/div><\/div>\n<\/div><\/div>\n<\/div><\/div><\/section>\n\n\n\n<div id=\"section-g0e56d7\" class=\"wp-block-gutentor-e1 section-g0e56d7 gutentor-element gutentor-element-advanced-text\"><div class=\"gutentor-text-wrap\"><h3 class=\"gutentor-text\">Aktuell suchen wir<\/h3><\/div><\/div>\n\n\n\n<section id=\"gm2712b74\" class=\"wp-block-gutentor-m4 section-gm2712b74 gutentor-module gutentor-advanced-columns\"><div class=\"grid-container\"><div class=\"grid-row\">\n<div id=\"col-gm76ebbb\" class=\"wp-block-gutentor-m4-col col-gm76ebbb gutentor-single-column  grid-lg-6 grid-md-12 grid-12\"><div id=\"section-gm76ebbb\" class=\"section-gm76ebbb gutentor-col-wrap\">\n<div id=\"section-gaaff8f\" class=\"wp-block-gutentor-e7 section-gaaff8f gutentor-element gutentor-element-list\"><ul class=\"grid-row gutentor-grid-item-wrap list-indicator-icon\"><li class=\"gutentor-list-item grid-lg-12 grid-md-12 grid-12\"><span class=\"gutentor-single-item gutentor-single-item-0\"><span class=\"gutentor-list-item-wrap g-s-list-wrap\"><span class=\"gutentor-single-list-item-icon\"><i class=\"list-item-icon fas fa-square\"><\/i><\/span><span class=\"gutentor-list-item\"><p class=\"gutentor-single-item-title\">Bachelor of Engineering (m\/w\/d)<\/p><\/span><\/span><\/span><\/li><li class=\"gutentor-list-item grid-lg-12 grid-md-12 grid-12\"><span class=\"gutentor-single-item gutentor-single-item-1\"><span class=\"gutentor-list-item-wrap g-s-list-wrap\"><span class=\"gutentor-single-list-item-icon\"><i class=\"list-item-icon fas fa-square\"><\/i><\/span><span class=\"gutentor-list-item\"><p class=\"gutentor-single-item-title\">Elektromeister \/ -techniker (m\/w\/d)<\/p><\/span><\/span><\/span><\/li><\/ul><\/div>\n<\/div><\/div>\n\n\n\n<div id=\"col-gmee9a8e\" class=\"wp-block-gutentor-m4-col col-gmee9a8e gutentor-single-column  grid-lg-6 grid-md-12 grid-12\"><div id=\"section-gmee9a8e\" class=\"section-gmee9a8e gutentor-col-wrap\">\n<a href=\"mailto:personal@tfi-ingenieure.de?subject=Bewerbung\"><img loading=\"lazy\" decoding=\"async\" src=\"https:\/\/tfi-ingenieure.de\/content\/wp-content\/uploads\/2023\/01\/bewerben.jpg\" width=\"226\" height=\"56\" border=\"0\"><\/a>\n<\/div><\/div>\n<\/div><\/div><\/section>\n\n\n\n<div id=\"section-g37d201\" class=\"wp-block-gutentor-e1 section-g37d201 gutentor-element gutentor-element-advanced-text\"><div class=\"gutentor-text-wrap\"><p class=\"gutentor-text\"><strong>Aufgabengebiet<\/strong><br>Planung und Projektierung komplexer L\u00f6sungen der Elektrotechnik einschlie\u00dflich Projektabwicklung, Objekt\u00fcberwachung, Kundenberatung und Kundenbetreuung<\/p><\/div><\/div>\n\n\n\n<section id=\"g-408qsv0\" class=\"wp-block-gutentor-m4 section-g-408qsv0 gutentor-module gutentor-advanced-columns\"><div class=\"grid-container\"><div class=\"grid-row\">\n<div id=\"col-g-k16l217\" class=\"wp-block-gutentor-m4-col col-g-k16l217 gutentor-single-column  grid-lg-6 grid-md-12 grid-12\"><div id=\"section-g-k16l217\" class=\"section-g-k16l217 gutentor-col-wrap\">\n<div id=\"section-g-1vlws11\" class=\"wp-block-gutentor-e7 section-g-1vlws11 gutentor-element gutentor-element-list\"><ul class=\"grid-row gutentor-grid-item-wrap list-indicator-icon\"><li class=\"gutentor-list-item grid-lg-12 grid-md-12 grid-12\"><span class=\"gutentor-single-item gutentor-single-item-0\"><span class=\"gutentor-list-item-wrap g-s-list-wrap\"><span class=\"gutentor-single-list-item-icon\"><i class=\"list-item-icon fas fa-square\"><\/i><\/span><span class=\"gutentor-list-item\"><p class=\"gutentor-single-item-title\">Technischer Systemplaner (m\/w\/d)<\/p><\/span><\/span><\/span><\/li><li class=\"gutentor-list-item grid-lg-12 grid-md-12 grid-12\"><span class=\"gutentor-single-item gutentor-single-item-1\"><span class=\"gutentor-list-item-wrap g-s-list-wrap\"><span class=\"gutentor-single-list-item-icon\"><i class=\"list-item-icon fas fa-square\"><\/i><\/span><span class=\"gutentor-list-item\"><p class=\"gutentor-single-item-title\">Technischer Zeichner \/ Bauzeichner (m\/w\/d)<\/p><\/span><\/span><\/span><\/li><\/ul><\/div>\n<\/div><\/div>\n\n\n\n<div id=\"col-g-sqmrw1d\" class=\"wp-block-gutentor-m4-col col-g-sqmrw1d gutentor-single-column  grid-lg-6 grid-md-12 grid-12\"><div id=\"section-g-sqmrw1d\" class=\"section-g-sqmrw1d gutentor-col-wrap\">\n<a href=\"mailto:personal@tfi-ingenieure.de?subject=Bewerbung\"><img loading=\"lazy\" decoding=\"async\" src=\"https:\/\/tfi-ingenieure.de\/content\/wp-content\/uploads\/2023\/01\/bewerben.jpg\" width=\"226\" height=\"56\" border=\"0\"><\/a>\n<\/div><\/div>\n<\/div><\/div><\/section>\n\n\n\n<div id=\"section-g-lrumxx1\" class=\"wp-block-gutentor-e1 section-g-lrumxx1 gutentor-element gutentor-element-advanced-text\"><div class=\"gutentor-text-wrap\"><p class=\"gutentor-text\"><strong>Aufgabengebiet<\/strong><br>Selbst\u00e4ndige objektbezogene Erstellung von Grundrisspl\u00e4nen und Schemata der Elektrotechnik mittels CAD-Systemen<\/p><\/div><\/div>\n\n\n\n<section id=\"gma6e6fbe\" class=\"wp-block-gutentor-m4 section-gma6e6fbe gutentor-module gutentor-advanced-columns\"><div class=\"grid-container\"><div class=\"grid-row\">\n<div id=\"col-gmf23101\" class=\"wp-block-gutentor-m4-col col-gmf23101 gutentor-single-column  grid-lg-6 grid-md-12 grid-12\"><div id=\"section-gmf23101\" class=\"section-gmf23101 gutentor-col-wrap\">\n<div id=\"section-gdf77b4\" class=\"wp-block-gutentor-e7 section-gdf77b4 gutentor-element gutentor-element-list\"><ul class=\"grid-row gutentor-grid-item-wrap list-indicator-icon\"><li class=\"gutentor-list-item grid-lg-12 grid-md-12 grid-12\"><span class=\"gutentor-single-item gutentor-single-item-0\"><span class=\"gutentor-list-item-wrap g-s-list-wrap\"><span class=\"gutentor-single-list-item-icon\"><i class=\"list-item-icon fas fa-square\"><\/i><\/span><span class=\"gutentor-list-item\"><p class=\"gutentor-single-item-title\">B\u00fcrokaufmann\/B\u00fcrokauffrau<\/p><\/span><\/span><\/span><\/li><li class=\"gutentor-list-item grid-lg-12 grid-md-12 grid-12\"><span class=\"gutentor-single-item gutentor-single-item-1\"><span class=\"gutentor-list-item-wrap g-s-list-wrap\"><span class=\"gutentor-single-list-item-icon\"><i class=\"list-item-icon fas fa-square\"><\/i><\/span><span class=\"gutentor-list-item\"><p class=\"gutentor-single-item-title\">Sekret\u00e4r\/in<\/p><\/span><\/span><\/span><\/li><\/ul><\/div>\n<\/div><\/div>\n\n\n\n<div id=\"col-gmea60e5\" class=\"wp-block-gutentor-m4-col col-gmea60e5 gutentor-single-column  grid-lg-6 grid-md-12 grid-12\"><div id=\"section-gmea60e5\" class=\"section-gmea60e5 gutentor-col-wrap\">\n<a href=\"mailto:personal@tfi-ingenieure.de?subject=Bewerbung\"><img loading=\"lazy\" decoding=\"async\" src=\"https:\/\/tfi-ingenieure.de\/content\/wp-content\/uploads\/2023\/01\/bewerben.jpg\" width=\"226\" height=\"56\" border=\"0\"><\/a>\n<\/div><\/div>\n<\/div><\/div><\/section>\n\n\n\n<div id=\"section-g3b3981\" class=\"wp-block-gutentor-e1 section-g3b3981 gutentor-element gutentor-element-advanced-text\"><div class=\"gutentor-text-wrap\"><p class=\"gutentor-text\"><strong>Aufgabengebiet<\/strong><br>Allgemeine Sekretariatsaufgaben, Teamassistenz, Erledigung der Korrespondenz, Angebots- und Auftragsbearbeitung, sowie die Rechnungspr\u00fcfung<br><\/p><\/div><\/div>\n<\/div><\/div>\n<\/div><\/div><\/section>\n\n\n\n<section id=\"gm6fe3e01\" class=\"wp-block-gutentor-m4 section-gm6fe3e01 gutentor-module gutentor-advanced-columns\"><div class=\"grid-container\"><div class=\"grid-row\">\n<div id=\"col-gmd2f5e9\" class=\"wp-block-gutentor-m4-col col-gmd2f5e9 gutentor-single-column  grid-lg-12 grid-md-12 grid-12\"><div id=\"section-gmd2f5e9\" class=\"section-gmd2f5e9 gutentor-col-wrap\">\n<div id=\"section-gbfe142\" class=\"wp-block-gutentor-e1 section-gbfe142 gutentor-element gutentor-element-advanced-text\"><div class=\"gutentor-text-wrap\"><p class=\"gutentor-text\">Sollten wir Ihr Interesse geweckt haben, senden Sie Ihre aussagef\u00e4higen Bewerbungsunterlagen mit Ihrem fr\u00fchesten Eintrittstermin bitte an personal@tfi-ingenieure.de.<\/p><\/div><\/div>\n<\/div><\/div>\n<\/div><\/div><\/section>\n","protected":false},"excerpt":{"rendered":"","protected":false},"author":2,"featured_media":0,"parent":0,"menu_order":0,"comment_status":"closed","ping_status":"closed","template":"template-gutentor-full-width.php","meta":{"footnotes":""},"class_list":["post-44","page","type-page","status-publish","hentry"],"_links":{"self":[{"href":"https:\/\/tfi-ingenieure.de\/content\/wp-json\/wp\/v2\/pages\/44","targetHints":{"allow":["GET"]}}],"collection":[{"href":"https:\/\/tfi-ingenieure.de\/content\/wp-json\/wp\/v2\/pages"}],"about":[{"href":"https:\/\/tfi-ingenieure.de\/content\/wp-json\/wp\/v2\/types\/page"}],"author":[{"embeddable":true,"href":"https:\/\/tfi-ingenieure.de\/content\/wp-json\/wp\/v2\/users\/2"}],"replies":[{"embeddable":true,"href":"https:\/\/tfi-ingenieure.de\/content\/wp-json\/wp\/v2\/comments?post=44"}],"version-history":[{"count":75,"href":"https:\/\/tfi-ingenieure.de\/content\/wp-json\/wp\/v2\/pages\/44\/revisions"}],"predecessor-version":[{"id":1961,"href":"https:\/\/tfi-ingenieure.de\/content\/wp-json\/wp\/v2\/pages\/44\/revisions\/1961"}],"wp:attachment":[{"href":"https:\/\/tfi-ingenieure.de\/content\/wp-json\/wp\/v2\/media?parent=44"}],"curies":[{"name":"wp","href":"https:\/\/api.w.org\/{rel}","templated":true}]}}