{"id":46,"date":"2019-10-31T09:51:11","date_gmt":"2019-10-31T09:51:11","guid":{"rendered":"https:\/\/www.demo.cosmoswp.com\/demo-9\/?page_id=52"},"modified":"2025-06-25T19:42:12","modified_gmt":"2025-06-25T17:42:12","slug":"leistungen","status":"publish","type":"page","link":"https:\/\/tfi-ingenieure.de\/content\/leistungen\/","title":{"rendered":"Leistungen"},"content":{"rendered":"\n<div id=\"section-gb535c0\" class=\"wp-block-gutentor-e6 section-gb535c0 gutentor-element gutentor-element-image\"><div class=\"gutentor-element-image-box\"><div class=\"gutentor-bg-image\"><\/div><\/div><\/div>\n\n\n\n<section id=\"gm58ad65c\" class=\"wp-block-gutentor-m4 section-gm58ad65c gutentor-module gutentor-advanced-columns has-image-bg has-custom-bg\"><div class=\"grid-container\"><div class=\"grid-row\">\n<div id=\"col-gmd875e5\" class=\"wp-block-gutentor-m4-col col-gmd875e5 gutentor-single-column  grid-lg-12 grid-md-12 grid-12\"><div id=\"section-gmd875e5\" class=\"section-gmd875e5 gutentor-col-wrap\">\n<div id=\"section-ga710a9\" class=\"wp-block-gutentor-e1 section-ga710a9 gutentor-element gutentor-element-advanced-text wow slideInDown text-align-center-desktop\" data-wow-animation=\"slideInDown\"><div class=\"gutentor-text-wrap\"><h2 class=\"gutentor-text\">Leistungsspektrum<\/h2><\/div><\/div>\n\n\n\n<div id=\"section-g4a9177\" class=\"wp-block-gutentor-e1 section-g4a9177 gutentor-element gutentor-element-advanced-text wow slideInUp text-align-center-desktop\" data-wow-animation=\"slideInUp\"><div class=\"gutentor-text-wrap\"><p class=\"gutentor-text\">Als neutraler Planer und Berater schaffen wir Gesamtl\u00f6sungen aus marktg\u00e4ngigen Standards, die den individuellen Anforderungen unserer Kunden in vollem Umfang entsprechen. Unser Leistungsspektrum reicht dabei von der ersten Beratung bis zur Abnahme und orientiert sich bedarfsgerecht an den Kundenw\u00fcnschen. Kostenbewusstes, innovatives, nachhaltiges und energieeffizientes Bauen ist stets unser Anspruch.<\/p><\/div><\/div>\n\n\n\n<div id=\"section-g934788\" class=\"wp-block-gutentor-e1 section-g934788 gutentor-element gutentor-element-advanced-text text-align-center-desktop\"><div class=\"gutentor-text-wrap\"><h3 class=\"gutentor-text\">Bedarfsgerechte Leistungen von der ersten Beratung bis zur Abnahme<\/h3><\/div><\/div>\n\n\n\n<section id=\"section-dab8abf1-6750-4608-accc-432892d388ee\" class=\"wp-block-gutentor-image-box gutentor-section gutentor-image-wrapper imagebox-template1 wow animated zoomIn popmake-1230\" data-wow-animation=\"zoomIn\" data-wow-iteration=\"1\"><div class=\"grid-container\"><div class=\"grid-row gutentor-grid-item-wrap\"><div class=\"gutentor-grid-column grid-lg-4 grid-md-4 grid-12\"><div class=\"gutentor-single-item gutentor-image gutentor-single-item-0\"><div class=\"gutentor-single-item-wrap\"><div class=\"gutentor-single-item-image-box\"><div class=\"gutentor-image-thumb\"><img loading=\"lazy\" decoding=\"async\" class=\"normal-image\" src=\"https:\/\/tfi-ingenieure.de\/content\/wp-content\/uploads\/2022\/04\/elektrotechnik.jpg\" alt=\"\" height=\"400\" width=\"600\"\/><\/div><\/div><div class=\"gutentor-single-item-content\"><h3 class=\"gutentor-single-item-title\">Elektrotechnik<\/h3><p class=\"gutentor-single-item-desc\">Wir realisieren erstklassige Ingenieurleistungen in der Elektrotechnik, die die optimale Einbindung aller Komponenten in die Gesamtorganisation sicherstellt. Von der Idee, \u00fcber die Planung &amp; Umsetzung bis zur \u00dcbergabe.<\/p><a class=\"gutentor-button gutentor-single-item-button gutentor-icon-before\" href=\"#elektrotechnik\"><i class=\"gutentor-button-icon fas fa-angle-double-right\"><\/i><span>weitere Informationen<\/span><\/a><\/div><\/div><\/div><\/div><div class=\"gutentor-grid-column grid-lg-4 grid-md-4 grid-12\"><div class=\"gutentor-single-item gutentor-image gutentor-single-item-1\"><div class=\"gutentor-single-item-wrap\"><div class=\"gutentor-single-item-image-box\"><div class=\"gutentor-image-thumb\"><img loading=\"lazy\" decoding=\"async\" class=\"normal-image\" src=\"https:\/\/tfi-ingenieure.de\/content\/wp-content\/uploads\/2025\/05\/sicherheit.jpg\" alt=\"\" height=\"400\" width=\"600\"\/><\/div><\/div><div class=\"gutentor-single-item-content\"><h3 class=\"gutentor-single-item-title\">Sicherheitstechnik<\/h3><p class=\"gutentor-single-item-desc\">tfi Ingenieure bietet Ihnen das komplette Spektrum der Sicherheitstechnik. Wir konzipieren ganzheitliche Systeme, bei denen die technischen Voraussetzungen sowie die Unternehmensstruktur im Mittelpunkt stehen.<\/p><a class=\"gutentor-button gutentor-single-item-button gutentor-icon-before\" href=\"#\"><i class=\"gutentor-button-icon fas fa-angle-double-right\"><\/i><span>weitere Informationen<\/span><\/a><\/div><\/div><\/div><\/div><div class=\"gutentor-grid-column grid-lg-4 grid-md-4 grid-12\"><div class=\"gutentor-single-item gutentor-image gutentor-single-item-2\"><div class=\"gutentor-single-item-wrap\"><div class=\"gutentor-single-item-image-box\"><div class=\"gutentor-image-thumb\"><img loading=\"lazy\" decoding=\"async\" class=\"normal-image\" src=\"https:\/\/tfi-ingenieure.de\/content\/wp-content\/uploads\/2022\/11\/kommunikationstechnik-1.jpg\" alt=\"\" height=\"400\" width=\"600\"\/><\/div><\/div><div class=\"gutentor-single-item-content\"><h3 class=\"gutentor-single-item-title\">Kommunikationstechnik<\/h3><p class=\"gutentor-single-item-desc\">Wir sind Ihr kompetenter Partner in s\u00e4mtlichen Fragen der Kommunikationstechnik. Von der Statusanalyse, \u00fcber die umfassende Beratung und Entwicklung von flexiblen Konzepten sowie die Koordination \u2013 alles aus einer Hand.<\/p><a class=\"gutentor-button gutentor-single-item-button gutentor-icon-before\" href=\"#\"><i class=\"gutentor-button-icon fas fa-angle-double-right\"><\/i><span>weitere Informationen<\/span><\/a><\/div><\/div><\/div><\/div><div class=\"gutentor-grid-column grid-lg-4 grid-md-4 grid-12\"><div class=\"gutentor-single-item gutentor-image gutentor-single-item-3\"><div class=\"gutentor-single-item-wrap\"><div class=\"gutentor-single-item-image-box\"><div class=\"gutentor-image-thumb\"><img loading=\"lazy\" decoding=\"async\" class=\"normal-image\" src=\"https:\/\/tfi-ingenieure.de\/content\/wp-content\/uploads\/2022\/11\/netzwerktechnik.jpg\" alt=\"\" height=\"400\" width=\"600\"\/><\/div><\/div><div class=\"gutentor-single-item-content\"><h3 class=\"gutentor-single-item-title\">Netzwerktechnik<\/h3><p class=\"gutentor-single-item-desc\">Wir dokumentieren und bewerten bestehende Netzwerke und entwickeln auf dieser Grundlage individuelle Konzepte, die der Gr\u00f6\u00dfe des Unternehmens sowie s\u00e4mtlichen Anforderungen einer modernen B\u00fcrokommunikation gerecht werden.<mark style=\"background-color:rgba(0, 0, 0, 0);color:#f0f0f0\" class=\"has-inline-color\">.<\/mark><\/p><a class=\"gutentor-button gutentor-single-item-button gutentor-icon-before\" href=\"#elektrotechnik\"><i class=\"gutentor-button-icon fas fa-angle-double-right\"><\/i><span>weitere Informationen<\/span><\/a><\/div><\/div><\/div><\/div><div class=\"gutentor-grid-column grid-lg-4 grid-md-4 grid-12\"><div class=\"gutentor-single-item gutentor-image gutentor-single-item-4\"><div class=\"gutentor-single-item-wrap\"><div class=\"gutentor-single-item-image-box\"><div class=\"gutentor-image-thumb\"><img loading=\"lazy\" decoding=\"async\" class=\"normal-image\" src=\"https:\/\/tfi-ingenieure.de\/content\/wp-content\/uploads\/2021\/10\/planung.jpg\" alt=\"\" height=\"533\" width=\"800\"\/><\/div><\/div><div class=\"gutentor-single-item-content\"><h3 class=\"gutentor-single-item-title\">Engineering<\/h3><p class=\"gutentor-single-item-desc\">Baukosten-Controlling, Bauzeitenplan, aktive Ausf\u00fchrungs\u00fcberwachung, Dokumentation und mehr: Wir erarbeiten mit planerischem Know-how, Erfahrung und Flexibilit\u00e4t effiziente wirtschaftliche und terminliche L\u00f6sungen f\u00fcr Bauherren.<\/p><a class=\"gutentor-button gutentor-single-item-button gutentor-icon-before\" href=\"#elektrotechnik\"><i class=\"gutentor-button-icon fas fa-angle-double-right\"><\/i><span>weitere Informationen<\/span><\/a><\/div><\/div><\/div><\/div><div class=\"gutentor-grid-column grid-lg-4 grid-md-4 grid-12\"><div class=\"gutentor-single-item gutentor-image gutentor-single-item-5\"><div class=\"gutentor-single-item-wrap\"><div class=\"gutentor-single-item-image-box\"><div class=\"gutentor-image-thumb\"><img loading=\"lazy\" decoding=\"async\" class=\"normal-image\" src=\"https:\/\/tfi-ingenieure.de\/content\/wp-content\/uploads\/2022\/11\/foerderetechnik3-1.jpg\" alt=\"\" height=\"400\" width=\"600\"\/><\/div><\/div><div class=\"gutentor-single-item-content\"><h3 class=\"gutentor-single-item-title\">F\u00f6rdertechnik<\/h3><p class=\"gutentor-single-item-desc\">Unsere Planung steht f\u00fcr eine kreative, konzeptionelle und gestalterische Vielfalt, die die Sicherheit der Nutzer gew\u00e4hrleistet und gleichzeitig eine effiziente L\u00f6sung unabh\u00e4ngig von der Art des Geb\u00e4udes und der Anzahl der Systeme schafft.<\/p><a class=\"gutentor-button gutentor-single-item-button gutentor-icon-before\" href=\"#elektrotechnik\"><i class=\"gutentor-button-icon fas fa-angle-double-right\"><\/i><span>weitere Informationen<\/span><\/a><\/div><\/div><\/div><\/div><\/div><\/div><\/section>\n\n\n\n<p id=\"Energieeffizientes-Bauen\"><span style=\"background-color:rgba(0, 0, 0, 0)\" class=\"has-inline-color has-white-color\">energie<\/span><\/p>\n\n\n\n<div id=\"section-g491d31\" class=\"wp-block-gutentor-e1 section-g491d31 gutentor-element gutentor-element-advanced-text text-align-center-desktop\"><div class=\"gutentor-text-wrap\"><h3 class=\"gutentor-text\">Energieeffizientes Bauen<\/h3><\/div><\/div>\n\n\n\n<div id=\"section-gcf7023\" class=\"wp-block-gutentor-e6 section-gcf7023 gutentor-element gutentor-element-image text-align-center-desktop\"><div class=\"gutentor-element-image-box\"><div class=\"gutentor-image-thumb\"><img decoding=\"async\" class=\"normal-image\" src=\"https:\/\/tfi-ingenieure.de\/content\/wp-content\/uploads\/2022\/11\/green-building.png\"\/><\/div><\/div><\/div>\n\n\n\n<div id=\"section-g8f4a18\" class=\"wp-block-gutentor-e1 section-g8f4a18 gutentor-element gutentor-element-advanced-text text-align-center-desktop\"><div class=\"gutentor-text-wrap\"><p class=\"gutentor-text\"><br>Wir entwickeln \u00f6kologisch effiziente L\u00f6sungen f\u00fcr unsere Kunden. <br>Dazu setzen wir auf bew\u00e4hrte Praktiken nach den ISO 14000-Standards und verpflichten uns zur konsequenten Umsetzung der Umweltgesetzgebung.<\/p><\/div><\/div>\n<\/div><\/div>\n<\/div><\/div><\/section>\n\n\n\n<section id=\"gm2ffd6f5\" class=\"wp-block-gutentor-m4 section-gm2ffd6f5 gutentor-module gutentor-advanced-columns\"><div class=\"grid-container\"><div class=\"grid-row\">\n<div id=\"col-gmc701bb\" class=\"wp-block-gutentor-m4-col col-gmc701bb gutentor-single-column  grid-lg-12 grid-md-12 grid-12\"><div id=\"section-gmc701bb\" class=\"section-gmc701bb gutentor-col-wrap\">\n<p class=\"has-text-align-left has-text-color\" id=\"elektrotechnik\" style=\"color:#003a72;font-size:26px\">    <strong>Leistungsspektrum<\/strong><\/p>\n\n\n\n<section id=\"b59fb7\" class=\"section-b59fb7 gutentor-module gutentor-module-accordion\"><div class=\"grid-container\">\n<div id=\"cae5a5\" class=\"wp-block-gutentor-m6-item section-cae5a5 gutentor-module gutentor-module-accordion-item\"><div class=\"gutentor-module-accordion-panel g-a-panel-b59fb7\"><div tabindex=\"0\" class=\"gm-ah-b59fb7 gutentor-module-accordion-item-heading gutentor-module-icon-position-left\"><span class=\"gutentor-module-accordion-panel-handler\" role=\"button\"><span class=\"gutentor-module-accordion-icon\"><i class=\"gm-aio-b59fb7 gutentor-module-accordion-icon-open fas fa-angle-double-down\"><\/i><i class=\"gm-aic-b59fb7 gutentor-module-accordion-icon-close fas fa-angle-double-up\"><\/i><\/span><span class=\"gutentor-module-accordion-panel-handler-label\"><strong>Elektrotechnik<\/strong><\/span><\/span><\/div><div class=\"gm-ab-b59fb7 gutentor-module-accordion-body\">\n<div id=\"section-g5c071e\" class=\"wp-block-gutentor-e1 section-g5c071e gutentor-element gutentor-element-advanced-text\"><div class=\"gutentor-text-wrap\"><h4 class=\"gutentor-text\">Starkstromanlagen<\/h4><\/div><\/div>\n\n\n\n<div id=\"section-g68ed06\" class=\"wp-block-gutentor-e0 section-g68ed06 gutentor-element gutentor-element-advanced-text\"><div class=\"gutentor-text-wrap\"><p class=\"gutentor-text\">Bei der Planung und Projektierung ist die Wahl der Netzformen und die Erstellung der Leistungsbilanz aufgrund zahlreicher zu ber\u00fccksichtigender Vorschriften entscheidend.<br>Ziel dabei ist das Errichten bedarfsgerechter, leistungsstarker und vor allem wirtschaftlicher Systeme, die zukunftsweisend ausgerichtet sind.<\/p><\/div><\/div>\n\n\n\n<div id=\"section-g87bb7e\" class=\"wp-block-gutentor-e1 section-g87bb7e gutentor-element gutentor-element-advanced-text\"><div class=\"gutentor-text-wrap\"><h4 class=\"gutentor-text\">Erneuerbare Energien<\/h4><\/div><\/div>\n\n\n\n<div id=\"section-g728d9a\" class=\"wp-block-gutentor-e1 section-g728d9a gutentor-element gutentor-element-advanced-text\"><div class=\"gutentor-text-wrap\"><p class=\"gutentor-text\">Erneuerbare Energien sollen in Deutschland zuk\u00fcnftig den Hauptanteil der Energieversorgung \u00fcbernehmen, der Anteil an der Stromversorgung soll langfristig auf mindestens 80 Prozent anwachsen.<br>Die erneuerbaren Energien sind daher kontinuierlich in das Stromversorgungssystem zu integrieren, damit konventionelle Energietr\u00e4ger ersetzt werden k\u00f6nnen.<br>tfi Ingenieure analysiert das verf\u00fcgbare Potenzial und den Bedarf am Standort und erarbeitet ein ausf\u00fchrungsreifes Projektkonzept.<\/p><\/div><\/div>\n\n\n\n<div id=\"section-g625d05\" class=\"wp-block-gutentor-e1 section-g625d05 gutentor-element gutentor-element-advanced-text\"><div class=\"gutentor-text-wrap\"><h4 class=\"gutentor-text\">Blitzschutz \/ Elektromagnetische Vertr\u00e4glichkeit EMV<\/h4><\/div><\/div>\n\n\n\n<div id=\"section-g6fd080\" class=\"wp-block-gutentor-e0 section-g6fd080 gutentor-element gutentor-element-advanced-text\"><div class=\"gutentor-text-wrap\"><p class=\"gutentor-text\">Bei \u00dcberspannungssch\u00e4den entstehen neben dem eigentlichen Ger\u00e4teschaden zus\u00e4tzliche Kosten, hervorgerufen durch Produktionsausfall, Beeintr\u00e4chtigung der Sicherheit oder Informationsverlust. Diese Sekund\u00e4rsch\u00e4den betragen h\u00e4ufig ein Vielfaches der Ger\u00e4tesch\u00e4den.<br>Wir analysieren und definieren Gef\u00e4hrdungsbereiche und entwerfen Schutzkonzepte in Form konventioneller Blitzschutzanlagen in Verbindung mit Bauteilsystemen zur Ableitung von \u00dcberspannungen in Verteilungen oder an definiert zu sch\u00fctzenden Ger\u00e4ten.<br>Erdungssysteme werden so ausgelegt, dass sichergestellt ist, dass eine Beeinflussung und Ausf\u00e4lle zwischen einzelnen Ger\u00e4ten durch vagabundierende Str\u00f6me ausgeschlossen werden.<\/p><\/div><\/div>\n\n\n\n<div id=\"section-gf55b24\" class=\"wp-block-gutentor-e1 section-gf55b24 gutentor-element gutentor-element-advanced-text\"><div class=\"gutentor-text-wrap\"><h4 class=\"gutentor-text\">Geb\u00e4udeautomatisierung<\/h4><\/div><\/div>\n\n\n\n<div id=\"section-g1c359d\" class=\"wp-block-gutentor-e0 section-g1c359d gutentor-element gutentor-element-advanced-text\"><div class=\"gutentor-text-wrap\"><p class=\"gutentor-text\">Der Bedarf an modernen Elektroinstallationen in Industrie, Gewerbe und in Privath\u00e4usern w\u00e4chst rasant und ist mehr als das klassische Verlegen von Leitungsnetzen, Lichtschaltern und Steckdosen. \u00dcber Sensoren werden Bewegungsmelder, Lichtschranken, Thermostate, Kameras und viele weitere Ger\u00e4te gesteuert.<br>Alle Ger\u00e4te sprechen dazu noch eine Sprache und k\u00f6nnen entsprechend gesteuert und geregelt werden. Mit Bus-Technologie als ein einheitliches Kommunikationsmittel f\u00fcr die einzelnen Bereiche erh\u00e4lt man die perfekte L\u00f6sung f\u00fcr flexible Anforderungen.<\/p><\/div><\/div>\n\n\n\n<div id=\"section-gd32448\" class=\"wp-block-gutentor-e1 section-gd32448 gutentor-element gutentor-element-advanced-text\"><div class=\"gutentor-text-wrap\"><h4 class=\"gutentor-text\">Beleuchtungstechnik<\/h4><\/div><\/div>\n\n\n\n<div id=\"section-gd3515b\" class=\"wp-block-gutentor-e0 section-gd3515b gutentor-element gutentor-element-advanced-text\"><div class=\"gutentor-text-wrap\"><p class=\"gutentor-text\">Licht muss herstellerneutral geplant werden, ob in R\u00e4umen, auf Stra\u00dfen und Pl\u00e4tzen oder bei Lichtwerbeanlagen. Dabei erarbeiten wir neben den Standards auch ausgefallene L\u00f6sungen mit hohen lichttechnischen oder architektonischen Anspr\u00fcchen.<br>Erfahrung und ein einf\u00fchlsames Konzept m\u00fcnden unter Ber\u00fccksichtigung aktueller Beleuchtungstrends und Architekturtendenzen in eine innovative Gestaltungs- und L\u00f6sungsm\u00f6glichkeit.<br>Das Ergebnis ist ein gelungenes Zusammenspiel von Licht- und Raumgestaltung. <\/p><\/div><\/div>\n\n\n\n<div id=\"section-ge220af\" class=\"wp-block-gutentor-e1 section-ge220af gutentor-element gutentor-element-advanced-text\"><div class=\"gutentor-text-wrap\"><h4 class=\"gutentor-text\">Eigenstromversorgung<\/h4><\/div><\/div>\n\n\n\n<div id=\"section-ga4f261\" class=\"wp-block-gutentor-e0 section-ga4f261 gutentor-element gutentor-element-advanced-text\"><div class=\"gutentor-text-wrap\"><p class=\"gutentor-text\">\u00dcberall dort, wo durch den Ausfall der Energieversorgung Menschen gef\u00e4hrdet werden oder wirtschaftlicher Schaden entstehen kann, ist der Einsatz von gesicherten Stomversorgungssystemen sinnvoll.<br>Ein auf die Kundenspezifikation abgestimmtes Konzept stellt eine kontinuierliche Verf\u00fcgbarkeit der Stromversorgung und den sicheren Betrieb kritischer und anspruchsvoller Anwendungen zwingend sicher.<\/p><\/div><\/div>\n\n\n\n<div id=\"section-ged726c\" class=\"wp-block-gutentor-e1 section-ged726c gutentor-element gutentor-element-advanced-text\"><div class=\"gutentor-text-wrap\"><h4 class=\"gutentor-text\">Energiemanagement<\/h4><\/div><\/div>\n\n\n\n<div id=\"section-g4f8bc9\" class=\"wp-block-gutentor-e0 section-g4f8bc9 gutentor-element gutentor-element-advanced-text\"><div class=\"gutentor-text-wrap\"><p class=\"gutentor-text\">L\u00f6sungen f\u00fcr Energiesysteme: Der ressourcenschonende, intelligente Umgang mit Energie sollte heute genauso selbstverst\u00e4ndlich sein wie der Griff zum Lichtschalter.<br>Dazu werden von uns Energiestr\u00f6me analysiert und darauf aufbauend Verbesserungsideen erarbeitet, auf Wirtschaftlichkeit bewertet und die Umsetzung anschlie\u00dfend \u00fcberwacht.<br>Unsere L\u00f6sungen helfen, Energie \u00f6kologisch und \u00f6konomisch sinnvoll zu managen \u2013 wir sagen Ihnen wie.<\/p><\/div><\/div>\n<\/div><\/div><\/div>\n\n\n\n<div id=\"195731\" class=\"wp-block-gutentor-m6-item section-195731 gutentor-module gutentor-module-accordion-item\"><div class=\"gutentor-module-accordion-panel g-a-panel-b59fb7\"><div tabindex=\"0\" class=\"gm-ah-b59fb7 gutentor-module-accordion-item-heading gutentor-module-icon-position-left\"><span class=\"gutentor-module-accordion-panel-handler\" role=\"button\"><span class=\"gutentor-module-accordion-icon\"><i class=\"gm-aio-b59fb7 gutentor-module-accordion-icon-open fas fa-angle-double-down\"><\/i><i class=\"gm-aic-b59fb7 gutentor-module-accordion-icon-close fas fa-angle-double-up\"><\/i><\/span><span class=\"gutentor-module-accordion-panel-handler-label\"> <strong>Kommunikations- und Netzwerktechnik<\/strong><\/span><\/span><\/div><div class=\"gm-ab-b59fb7 gutentor-module-accordion-body\">\n<div id=\"section-g4e2ee7\" class=\"wp-block-gutentor-e1 section-g4e2ee7 gutentor-element gutentor-element-advanced-text text-align-left-desktop\"><div class=\"gutentor-text-wrap\"><p class=\"gutentor-text\">Der technologische Fortschritt und flexible Arbeitsplatzkonzepte f\u00fchren automatisch zu strukturellen Ver\u00e4nderungen im Unternehmen. Datenmengen sowie Anspr\u00fcche an Daten\u00fcbertragungsleitungen steigen dabei rasant an, alle Bereiche sind vernetzt, von Firmen- und Gesch\u00e4ftsprozessen bis in die Sensor- und Aktor-Ebene.<br><br>Um den Anforderungen moderner Kommunikation heute und in der Zukunft gerecht zu werden, erarbeitet wir ein ganzheitliches System \u2013 zugeschnitten auf die individuellen Anforderungen und Schwerpunktbereiche des jeweiligen Unternehmens.<\/p><\/div><\/div>\n<\/div><\/div><\/div>\n\n\n\n<div id=\"f2478b\" class=\"wp-block-gutentor-m6-item section-f2478b gutentor-module gutentor-module-accordion-item\"><div class=\"gutentor-module-accordion-panel g-a-panel-b59fb7\"><div tabindex=\"0\" class=\"gm-ah-b59fb7 gutentor-module-accordion-item-heading gutentor-module-icon-position-left\"><span class=\"gutentor-module-accordion-panel-handler\" role=\"button\"><span class=\"gutentor-module-accordion-icon\"><i class=\"gm-aio-b59fb7 gutentor-module-accordion-icon-open fas fa-angle-double-down\"><\/i><i class=\"gm-aic-b59fb7 gutentor-module-accordion-icon-close fas fa-angle-double-up\"><\/i><\/span><span class=\"gutentor-module-accordion-panel-handler-label\"><strong>F\u00f6rdertechnik<\/strong><\/span><\/span><\/div><div class=\"gm-ab-b59fb7 gutentor-module-accordion-body\">\n<div id=\"section-gb116ed\" class=\"wp-block-gutentor-e0 section-gb116ed gutentor-element gutentor-element-advanced-text\"><div class=\"gutentor-text-wrap\"><p class=\"gutentor-text\">Eine bedarfsgerechte, zuverl\u00e4ssige L\u00f6sung f\u00fcr alle Erfordernisse des Personen- oder G\u00fctertransports entwickeln wir selbstverst\u00e4ndlich unter dem Aspekt der Wirtschaftlichkeit, individuell abgestimmt auf die Belange und die Ausstattung des Anwenders.<br><br>Folgekosten wie Unterhalt und Wartung flie\u00dfen in die Betrachtung ein und finden ebenfalls Ber\u00fccksichtigung.<\/p><\/div><\/div>\n<\/div><\/div><\/div>\n<\/div><\/section>\n<\/div><\/div>\n<\/div><\/div><\/section>\n\n\n\n<p><\/p>\n","protected":false},"excerpt":{"rendered":"","protected":false},"author":2,"featured_media":0,"parent":0,"menu_order":0,"comment_status":"closed","ping_status":"closed","template":"template-gutentor-full-width.php","meta":{"footnotes":""},"class_list":["post-46","page","type-page","status-publish","hentry"],"_links":{"self":[{"href":"https:\/\/tfi-ingenieure.de\/content\/wp-json\/wp\/v2\/pages\/46","targetHints":{"allow":["GET"]}}],"collection":[{"href":"https:\/\/tfi-ingenieure.de\/content\/wp-json\/wp\/v2\/pages"}],"about":[{"href":"https:\/\/tfi-ingenieure.de\/content\/wp-json\/wp\/v2\/types\/page"}],"author":[{"embeddable":true,"href":"https:\/\/tfi-ingenieure.de\/content\/wp-json\/wp\/v2\/users\/2"}],"replies":[{"embeddable":true,"href":"https:\/\/tfi-ingenieure.de\/content\/wp-json\/wp\/v2\/comments?post=46"}],"version-history":[{"count":140,"href":"https:\/\/tfi-ingenieure.de\/content\/wp-json\/wp\/v2\/pages\/46\/revisions"}],"predecessor-version":[{"id":1947,"href":"https:\/\/tfi-ingenieure.de\/content\/wp-json\/wp\/v2\/pages\/46\/revisions\/1947"}],"wp:attachment":[{"href":"https:\/\/tfi-ingenieure.de\/content\/wp-json\/wp\/v2\/media?parent=46"}],"curies":[{"name":"wp","href":"https:\/\/api.w.org\/{rel}","templated":true}]}}