{"id":48,"date":"2019-10-31T09:50:58","date_gmt":"2019-10-31T09:50:58","guid":{"rendered":"https:\/\/www.demo.cosmoswp.com\/demo-9\/?page_id=50"},"modified":"2025-06-25T19:49:51","modified_gmt":"2025-06-25T17:49:51","slug":"buero","status":"publish","type":"page","link":"https:\/\/tfi-ingenieure.de\/content\/buero\/","title":{"rendered":"TEAM"},"content":{"rendered":"\n<div id=\"section-gb42e2f\" class=\"wp-block-gutentor-e6 section-gb42e2f gutentor-element gutentor-element-image\"><div class=\"gutentor-element-image-box\"><div class=\"gutentor-bg-image\"><\/div><\/div><\/div>\n\n\n\n<section id=\"gmfec0985\" class=\"wp-block-gutentor-m4 section-gmfec0985 gutentor-module gutentor-advanced-columns has-image-bg has-custom-bg\"><div class=\"grid-container\"><div class=\"grid-row\">\n<div id=\"col-gm445f9c\" class=\"wp-block-gutentor-m4-col col-gm445f9c gutentor-single-column  grid-lg-12 grid-md-12 grid-12\"><div id=\"section-gm445f9c\" class=\"section-gm445f9c gutentor-col-wrap\">\n<div id=\"section-g8c5f3a\" class=\"wp-block-gutentor-e1 section-g8c5f3a gutentor-element gutentor-element-advanced-text\"><div class=\"gutentor-text-wrap\"><h2 class=\"gutentor-text\">Ein starkes Team<\/h2><\/div><\/div>\n\n\n\n<section id=\"g-1n1kbof\" class=\"wp-block-gutentor-m4 section-g-1n1kbof gutentor-module gutentor-advanced-columns\"><div class=\"grid-container\"><div class=\"grid-row\">\n<div id=\"col-g-sgtdx5k\" class=\"wp-block-gutentor-m4-col col-g-sgtdx5k gutentor-single-column  grid-lg-6 grid-md-12 grid-12\"><div id=\"section-g-sgtdx5k\" class=\"section-g-sgtdx5k gutentor-col-wrap\">\n<div id=\"section-g8367f0\" class=\"wp-block-gutentor-e1 section-g8367f0 gutentor-element gutentor-element-advanced-text\"><div class=\"gutentor-text-wrap\"><p class=\"gutentor-text\">Der Kundennutzen steht im Mittelpunkt unserer T\u00e4tigkeit. Wir wissen, dass der pers\u00f6nliche Kontakt zwischen allen Beteiligten und die damit verbundene N\u00e4he zum Kunden wesentlich zum Erfolg eines Projektes beitragen.<\/p><\/div><\/div>\n\n\n\n<div id=\"section-g1d8088\" class=\"wp-block-gutentor-e1 section-g1d8088 gutentor-element gutentor-element-advanced-text\"><div class=\"gutentor-text-wrap\"><h3 class=\"gutentor-text\">Fachkunde, Zuverl\u00e4ssigkeit und Integrit\u00e4t sind die Grundpfeiler unseres Handelns.<\/h3><\/div><\/div>\n\n\n\n<div id=\"section-g-la6ezda\" class=\"wp-block-gutentor-e1 section-g-la6ezda gutentor-element gutentor-element-advanced-text\"><div class=\"gutentor-text-wrap\"><p class=\"gutentor-text\">Unseren Auftraggebern steht je nach Bedarf eine Stammbelegschaft von gut aus- und stetig weitergebildeten Projektplaner:innen<em>, <\/em>technischen Systemplaner:innen und B\u00fcrokaufleuten zur Verf\u00fcgung, die durch fortw\u00e4hrende Erreichbarkeit daf\u00fcr sorgen, dass jedes Projekt innerhalb des vorgegebenen Zeitplans und Budgets abgewickelt wird.<\/p><\/div><\/div>\n<\/div><\/div>\n\n\n\n<div id=\"col-g-tb6ew00\" class=\"wp-block-gutentor-m4-col col-g-tb6ew00 gutentor-single-column  grid-lg-6 grid-md-12 grid-12\"><div id=\"section-g-tb6ew00\" class=\"section-g-tb6ew00 gutentor-col-wrap\">\n<div id=\"section-g-vl1h9e0\" class=\"wp-block-gutentor-e1 section-g-vl1h9e0 gutentor-element gutentor-element-advanced-text\"><div class=\"gutentor-text-wrap\"><h3 class=\"gutentor-text\">Wir sind ein Unternehmen mit einem technikbegeisterten Team. <\/h3><\/div><\/div>\n\n\n\n<div id=\"section-ga4e878\" class=\"wp-block-gutentor-e1 section-ga4e878 gutentor-element gutentor-element-advanced-text\"><div class=\"gutentor-text-wrap\"><p class=\"gutentor-text\">Unsere Mitarbeiter:innen bringen ihre unterschiedlichen Hintergr\u00fcnde und Ideen f\u00fcr unsere Kunden in unsere abwechslungsreichen Projekte ein. Damit f\u00f6rdern wir ein vielf\u00e4ltiges Team und schaffen ein Arbeitsumfeld des Miteinanders, in dem Menschen ihr Potenzial voll entfalten k\u00f6nnen.<\/p><\/div><\/div>\n<\/div><\/div>\n<\/div><\/div><\/section>\n<\/div><\/div>\n<\/div><\/div><\/section>\n","protected":false},"excerpt":{"rendered":"","protected":false},"author":2,"featured_media":0,"parent":0,"menu_order":0,"comment_status":"closed","ping_status":"closed","template":"template-gutentor-full-width.php","meta":{"footnotes":""},"class_list":["post-48","page","type-page","status-publish","hentry"],"_links":{"self":[{"href":"https:\/\/tfi-ingenieure.de\/content\/wp-json\/wp\/v2\/pages\/48","targetHints":{"allow":["GET"]}}],"collection":[{"href":"https:\/\/tfi-ingenieure.de\/content\/wp-json\/wp\/v2\/pages"}],"about":[{"href":"https:\/\/tfi-ingenieure.de\/content\/wp-json\/wp\/v2\/types\/page"}],"author":[{"embeddable":true,"href":"https:\/\/tfi-ingenieure.de\/content\/wp-json\/wp\/v2\/users\/2"}],"replies":[{"embeddable":true,"href":"https:\/\/tfi-ingenieure.de\/content\/wp-json\/wp\/v2\/comments?post=48"}],"version-history":[{"count":45,"href":"https:\/\/tfi-ingenieure.de\/content\/wp-json\/wp\/v2\/pages\/48\/revisions"}],"predecessor-version":[{"id":1956,"href":"https:\/\/tfi-ingenieure.de\/content\/wp-json\/wp\/v2\/pages\/48\/revisions\/1956"}],"wp:attachment":[{"href":"https:\/\/tfi-ingenieure.de\/content\/wp-json\/wp\/v2\/media?parent=48"}],"curies":[{"name":"wp","href":"https:\/\/api.w.org\/{rel}","templated":true}]}}