{"id":482,"date":"2022-10-13T14:56:22","date_gmt":"2022-10-13T12:56:22","guid":{"rendered":"https:\/\/grafix-dezign.de\/tfi-ingenieure\/?page_id=482"},"modified":"2024-03-29T17:04:49","modified_gmt":"2024-03-29T16:04:49","slug":"max-planck-institut-fuer-hirnforschung-frankfurt","status":"publish","type":"page","link":"https:\/\/tfi-ingenieure.de\/content\/max-planck-institut-fuer-hirnforschung-frankfurt\/","title":{"rendered":"Max-Planck-Institut f\u00fcr Hirnforschung, Frankfurt"},"content":{"rendered":"\n<div id=\"section-gca97aa\" class=\"wp-block-gutentor-e6 section-gca97aa gutentor-element gutentor-element-image\"><div class=\"gutentor-element-image-box\"><div class=\"gutentor-bg-image\"><\/div><\/div><\/div>\n\n\n\n<section id=\"gm2a89cbf\" class=\"wp-block-gutentor-m4 section-gm2a89cbf gutentor-module gutentor-advanced-columns has-image-bg has-custom-bg\"><div class=\"grid-container\"><div class=\"grid-row\">\n<div id=\"col-gmf9ebda\" class=\"wp-block-gutentor-m4-col col-gmf9ebda gutentor-single-column  grid-lg-12 grid-md-12 grid-12\"><div id=\"section-gmf9ebda\" class=\"section-gmf9ebda gutentor-col-wrap\">\n<div id=\"section-gc8678c\" class=\"wp-block-gutentor-e1 section-gc8678c gutentor-element gutentor-element-advanced-text\"><div class=\"gutentor-text-wrap\"><p class=\"gutentor-text\"><a href=\"https:\/\/tfi-ingenieure.de\/content\/referenzen\/\" data-type=\"page\">Projektauswahl<\/a>  I  <a href=\"https:\/\/tfi-ingenieure.de\/content\/institutsgebaeude\/\" data-type=\"page\"><span style=\"color:#024484\" class=\"has-inline-color\"><strong>Forschungsbauten<\/strong><\/span> <\/a> I  <a href=\"https:\/\/tfi-ingenieure.de\/content\/laborbauten\/\" data-type=\"page\">Laborbauten<\/a>  I  <a href=\"https:\/\/tfi-ingenieure.de\/content\/baudenkmaeler\/\" data-type=\"page\">Baudenkm\u00e4ler<\/a>  I  <a href=\"https:\/\/tfi-ingenieure.de\/content\/dienstgebaeude\/\" data-type=\"page\">Dienstgeb\u00e4ude<\/a>  I  <a href=\"https:\/\/tfi-ingenieure.de\/content\/bildungseinrichtungen\/\" data-type=\"page\">Bildungseinrichtungen<\/a> <\/p><\/div><\/div>\n\n\n\n<div id=\"section-g82d9d3\" class=\"wp-block-gutentor-e1 section-g82d9d3 gutentor-element gutentor-element-advanced-text\"><div class=\"gutentor-text-wrap\"><h3 class=\"gutentor-text\">Max-Planck-Institut f\u00fcr Hirnforschung, Frankfurt<\/h3><\/div><\/div>\n\n\n\n<div id=\"section-gf18518\" class=\"wp-block-gutentor-e1 section-gf18518 gutentor-element gutentor-element-advanced-text\"><div class=\"gutentor-text-wrap\"><h4 class=\"gutentor-text\">Neubau B\u00fcro- und Laborgeb\u00e4ude und Tierhausgeb\u00e4ude<\/h4><\/div><\/div>\n\n\n\n<section id=\"gmcc402ef\" class=\"wp-block-gutentor-m4 section-gmcc402ef gutentor-module gutentor-advanced-columns\"><div class=\"grid-container\"><div class=\"grid-row\">\n<div id=\"col-gm894f3a\" class=\"wp-block-gutentor-m4-col col-gm894f3a gutentor-single-column  grid-lg-6 grid-md-12 grid-12\"><div id=\"section-gm894f3a\" class=\"section-gm894f3a gutentor-col-wrap\">\n<div id=\"section-gcd24a8\" class=\"wp-block-gutentor-e1 section-gcd24a8 gutentor-element gutentor-element-advanced-text\"><div class=\"gutentor-text-wrap\"><p class=\"gutentor-text\"><strong>Bauherr<\/strong><br>Max-Planck-Gesellschaft zur F\u00f6rderung der Wissenschaften e.V., M\u00fcnchen<br><br><strong>Zeitraum<\/strong><br>2007 &#8211; 2015<br><br><strong>Leistungsphasen<\/strong><br>2 &#8211; 8<br><br><strong>Baukosten<\/strong> <strong>Elektrotechnik<\/strong><br>ca. 6,24 Mio. \u20ac<br><br><strong>Unsere Leistungen<\/strong><br>Starkstromanlagen<br>Fernmelde-\/Informationstechnik<br>F\u00f6rdertechnik<br><br>Vorplanung \u2013 Entwurfsplanung \u2013 Ausf\u00fchrungsplanung \u2013 Vergabe \u2013 Objekt\u00fcberwachung<\/p><\/div><\/div>\n<\/div><\/div>\n\n\n\n<div id=\"col-gm6bb6b7\" class=\"wp-block-gutentor-m4-col col-gm6bb6b7 gutentor-single-column  grid-lg-6 grid-md-12 grid-12\"><div id=\"section-gm6bb6b7\" class=\"section-gm6bb6b7 gutentor-col-wrap\">\n<div id=\"section-g21c7f2\" class=\"wp-block-gutentor-e6 section-g21c7f2 gutentor-element gutentor-element-image\"><div class=\"gutentor-element-image-box\"><div class=\"gutentor-image-thumb\"><img decoding=\"async\" class=\"normal-image\" src=\"https:\/\/tfi-ingenieure.de\/content\/wp-content\/uploads\/2022\/11\/max-planck-ffm-1.jpg\" \/><\/div><\/div><\/div>\n\n\n\n<div id=\"section-g6a11a1\" class=\"wp-block-gutentor-e6 section-g6a11a1 gutentor-element gutentor-element-image\"><div class=\"gutentor-element-image-box\"><div class=\"gutentor-image-thumb\"><img decoding=\"async\" class=\"normal-image\" src=\"https:\/\/tfi-ingenieure.de\/content\/wp-content\/uploads\/2022\/11\/max-planck-ffm-2.jpg\" \/><\/div><\/div><\/div>\n<\/div><\/div>\n<\/div><\/div><\/section>\n<\/div><\/div>\n<\/div><\/div><\/section>\n","protected":false},"excerpt":{"rendered":"","protected":false},"author":2,"featured_media":0,"parent":0,"menu_order":0,"comment_status":"closed","ping_status":"closed","template":"template-gutentor-full-width.php","meta":{"footnotes":""},"class_list":["post-482","page","type-page","status-publish","hentry"],"_links":{"self":[{"href":"https:\/\/tfi-ingenieure.de\/content\/wp-json\/wp\/v2\/pages\/482","targetHints":{"allow":["GET"]}}],"collection":[{"href":"https:\/\/tfi-ingenieure.de\/content\/wp-json\/wp\/v2\/pages"}],"about":[{"href":"https:\/\/tfi-ingenieure.de\/content\/wp-json\/wp\/v2\/types\/page"}],"author":[{"embeddable":true,"href":"https:\/\/tfi-ingenieure.de\/content\/wp-json\/wp\/v2\/users\/2"}],"replies":[{"embeddable":true,"href":"https:\/\/tfi-ingenieure.de\/content\/wp-json\/wp\/v2\/comments?post=482"}],"version-history":[{"count":19,"href":"https:\/\/tfi-ingenieure.de\/content\/wp-json\/wp\/v2\/pages\/482\/revisions"}],"predecessor-version":[{"id":1809,"href":"https:\/\/tfi-ingenieure.de\/content\/wp-json\/wp\/v2\/pages\/482\/revisions\/1809"}],"wp:attachment":[{"href":"https:\/\/tfi-ingenieure.de\/content\/wp-json\/wp\/v2\/media?parent=482"}],"curies":[{"name":"wp","href":"https:\/\/api.w.org\/{rel}","templated":true}]}}