{"id":491,"date":"2022-10-13T15:09:39","date_gmt":"2022-10-13T13:09:39","guid":{"rendered":"https:\/\/grafix-dezign.de\/tfi-ingenieure\/?page_id=491"},"modified":"2025-06-25T16:51:53","modified_gmt":"2025-06-25T14:51:53","slug":"max-planck-institut-fuer-voelkerrecht-heidelberg","status":"publish","type":"page","link":"https:\/\/tfi-ingenieure.de\/content\/max-planck-institut-fuer-voelkerrecht-heidelberg\/","title":{"rendered":"Max-Planck-Institut f\u00fcr V\u00f6lkerrecht, Heidelberg"},"content":{"rendered":"\n<div id=\"section-g44277c\" class=\"wp-block-gutentor-e6 section-g44277c gutentor-element gutentor-element-image\"><div class=\"gutentor-element-image-box\"><div class=\"gutentor-bg-image\"><\/div><\/div><\/div>\n\n\n\n<section id=\"gmd1726c0\" class=\"wp-block-gutentor-m4 section-gmd1726c0 gutentor-module gutentor-advanced-columns has-image-bg has-custom-bg\"><div class=\"grid-container\"><div class=\"grid-row\">\n<div id=\"col-gm16901b\" class=\"wp-block-gutentor-m4-col col-gm16901b gutentor-single-column  grid-lg-12 grid-md-12 grid-12\"><div id=\"section-gm16901b\" class=\"section-gm16901b gutentor-col-wrap\">\n<div id=\"section-g71f10b\" class=\"wp-block-gutentor-e1 section-g71f10b gutentor-element gutentor-element-advanced-text\"><div class=\"gutentor-text-wrap\"><p class=\"gutentor-text\"><a href=\"https:\/\/tfi-ingenieure.de\/content\/referenzen\/\" data-type=\"page\">Projektauswahl<\/a>  I  <a href=\"https:\/\/tfi-ingenieure.de\/content\/institutsgebaeude\/\" data-type=\"page\"><span style=\"color:#024484\" class=\"has-inline-color\"><strong>Forschungsbauten<\/strong><\/span> <\/a> I  <a href=\"https:\/\/tfi-ingenieure.de\/content\/laborbauten\/\" data-type=\"page\">Laborbauten<\/a>  I  <a href=\"https:\/\/tfi-ingenieure.de\/content\/baudenkmaeler\/\" data-type=\"page\">Baudenkm\u00e4ler<\/a>  I  <a href=\"https:\/\/tfi-ingenieure.de\/content\/dienstgebaeude\/\" data-type=\"page\">Dienstgeb\u00e4ude<\/a>  I  <a href=\"https:\/\/tfi-ingenieure.de\/content\/bildungseinrichtungen\/\" data-type=\"page\">Bildungseinrichtungen<\/a> <\/p><\/div><\/div>\n\n\n\n<div id=\"section-gd3f1bc\" class=\"wp-block-gutentor-e1 section-gd3f1bc gutentor-element gutentor-element-advanced-text\"><div class=\"gutentor-text-wrap\"><h3 class=\"gutentor-text\">Max-Planck-Institut f\u00fcr ausl\u00e4ndisches \u00f6ffentliches Recht und V\u00f6lkerrecht, Heidelberg<\/h3><\/div><\/div>\n\n\n\n<div id=\"section-gfdd669\" class=\"wp-block-gutentor-e1 section-gfdd669 gutentor-element gutentor-element-advanced-text\"><div class=\"gutentor-text-wrap\"><h4 class=\"gutentor-text\">Neubau und Erweiterung Institut<\/h4><\/div><\/div>\n\n\n\n<section id=\"gma968ca4\" class=\"wp-block-gutentor-m4 section-gma968ca4 gutentor-module gutentor-advanced-columns\"><div class=\"grid-container\"><div class=\"grid-row\">\n<div id=\"col-gm7d70fd\" class=\"wp-block-gutentor-m4-col col-gm7d70fd gutentor-single-column  grid-lg-6 grid-md-12 grid-12\"><div id=\"section-gm7d70fd\" class=\"section-gm7d70fd gutentor-col-wrap\">\n<div id=\"section-g696df9\" class=\"wp-block-gutentor-e1 section-g696df9 gutentor-element gutentor-element-advanced-text\"><div class=\"gutentor-text-wrap\"><p class=\"gutentor-text\"><strong>Bauherr<\/strong><br>Max-Planck-Gesellschaft zur F\u00f6rderung der Wissenschaften e.V., M\u00fcnchen<br><br><strong>Zeitraum:<\/strong><br>1996 &#8211; 2018<br><br><strong>Leistungsphasen:&nbsp;<\/strong><br>2 &#8211; 8<br><br><strong>Baukosten<\/strong> <strong>Elektrotechnik<\/strong><br>ca. 3,4 Mio. \u20ac<br><br><strong>Unsere Leistungen<\/strong><br>Starkstromanlagen<br>Fernmelde-\/Informationstechnik<br>F\u00f6rdertechnik<br><br>Vorplanung \u2013 Entwurfsplanung \u2013 Ausf\u00fchrungsplanung \u2013 Vergabe \u2013 Objekt\u00fcberwachung<\/p><\/div><\/div>\n<\/div><\/div>\n\n\n\n<div id=\"col-gmb74cf9\" class=\"wp-block-gutentor-m4-col col-gmb74cf9 gutentor-single-column  grid-lg-6 grid-md-12 grid-12\"><div id=\"section-gmb74cf9\" class=\"section-gmb74cf9 gutentor-col-wrap\">\n<div id=\"section-g201b56\" class=\"wp-block-gutentor-e6 section-g201b56 gutentor-element gutentor-element-image\"><div class=\"gutentor-element-image-box\"><div class=\"gutentor-image-thumb\"><img decoding=\"async\" class=\"normal-image\" src=\"https:\/\/tfi-ingenieure.de\/content\/wp-content\/uploads\/2022\/11\/max-planck-heidelberg-1-neu.jpg\"\/><\/div><\/div><\/div>\n\n\n\n<div id=\"section-g55c2fe\" class=\"wp-block-gutentor-e6 section-g55c2fe gutentor-element gutentor-element-image\"><div class=\"gutentor-element-image-box\"><div class=\"gutentor-image-thumb\"><img decoding=\"async\" class=\"normal-image\" src=\"https:\/\/tfi-ingenieure.de\/content\/wp-content\/uploads\/2022\/10\/max-planck-heidelberg-2.jpg\"\/><\/div><\/div><\/div>\n<\/div><\/div>\n<\/div><\/div><\/section>\n<\/div><\/div>\n<\/div><\/div><\/section>\n","protected":false},"excerpt":{"rendered":"","protected":false},"author":2,"featured_media":0,"parent":0,"menu_order":0,"comment_status":"closed","ping_status":"closed","template":"template-gutentor-full-width.php","meta":{"footnotes":""},"class_list":["post-491","page","type-page","status-publish","hentry"],"_links":{"self":[{"href":"https:\/\/tfi-ingenieure.de\/content\/wp-json\/wp\/v2\/pages\/491","targetHints":{"allow":["GET"]}}],"collection":[{"href":"https:\/\/tfi-ingenieure.de\/content\/wp-json\/wp\/v2\/pages"}],"about":[{"href":"https:\/\/tfi-ingenieure.de\/content\/wp-json\/wp\/v2\/types\/page"}],"author":[{"embeddable":true,"href":"https:\/\/tfi-ingenieure.de\/content\/wp-json\/wp\/v2\/users\/2"}],"replies":[{"embeddable":true,"href":"https:\/\/tfi-ingenieure.de\/content\/wp-json\/wp\/v2\/comments?post=491"}],"version-history":[{"count":20,"href":"https:\/\/tfi-ingenieure.de\/content\/wp-json\/wp\/v2\/pages\/491\/revisions"}],"predecessor-version":[{"id":1891,"href":"https:\/\/tfi-ingenieure.de\/content\/wp-json\/wp\/v2\/pages\/491\/revisions\/1891"}],"wp:attachment":[{"href":"https:\/\/tfi-ingenieure.de\/content\/wp-json\/wp\/v2\/media?parent=491"}],"curies":[{"name":"wp","href":"https:\/\/api.w.org\/{rel}","templated":true}]}}