{"id":497,"date":"2022-10-13T15:35:43","date_gmt":"2022-10-13T13:35:43","guid":{"rendered":"https:\/\/grafix-dezign.de\/tfi-ingenieure\/?page_id=497"},"modified":"2025-06-25T17:06:30","modified_gmt":"2025-06-25T15:06:30","slug":"laborbauten","status":"publish","type":"page","link":"https:\/\/tfi-ingenieure.de\/content\/laborbauten\/","title":{"rendered":"Laborbauten"},"content":{"rendered":"\n<div id=\"section-g7860b0\" class=\"wp-block-gutentor-e6 section-g7860b0 gutentor-element gutentor-element-image\"><div class=\"gutentor-element-image-box\"><div class=\"gutentor-bg-image\"><\/div><\/div><\/div>\n\n\n\n<section id=\"gmd756793\" class=\"wp-block-gutentor-m4 section-gmd756793 gutentor-module gutentor-advanced-columns has-image-bg has-custom-bg\"><div class=\"grid-container\"><div class=\"grid-row\">\n<div id=\"col-gm0e0203\" class=\"wp-block-gutentor-m4-col col-gm0e0203 gutentor-single-column  grid-lg-12 grid-md-12 grid-12\"><div id=\"section-gm0e0203\" class=\"section-gm0e0203 gutentor-col-wrap\">\n<div id=\"section-gd254af\" class=\"wp-block-gutentor-e1 section-gd254af gutentor-element gutentor-element-advanced-text\"><div class=\"gutentor-text-wrap\"><p class=\"gutentor-text\"><a href=\"https:\/\/tfi-ingenieure.de\/content\/institutsgebaeude\/\" data-type=\"page\">Projektauswahl<\/a>  I  <a href=\"https:\/\/tfi-ingenieure.de\/content\/institutsgebaeude\/\" data-type=\"page\">Forschungsbauten<\/a>  I  <span style=\"color:#024484\" class=\"has-inline-color\"><strong>Laborbauten<\/strong><\/span>  I  <a href=\"https:\/\/tfi-ingenieure.de\/content\/baudenkmaeler\/\" data-type=\"page\">Baudenkm\u00e4ler<\/a>  I  <a href=\"https:\/\/tfi-ingenieure.de\/content\/dienstgebaeude\/\" data-type=\"page\">Dienstgeb\u00e4ude<\/a>  I  <a href=\"https:\/\/tfi-ingenieure.de\/content\/bildungseinrichtungen\/\" data-type=\"page\">Bildungseinrichtungen<\/a> <\/p><\/div><\/div>\n\n\n\n<div id=\"section-g13dca8\" class=\"wp-block-gutentor-e1 section-g13dca8 gutentor-element gutentor-element-advanced-text\"><div class=\"gutentor-text-wrap\"><h2 class=\"gutentor-text\">Laborbauten<\/h2><\/div><\/div>\n\n\n\n<div id=\"section-g563c05\" class=\"wp-block-gutentor-e1 section-g563c05 gutentor-element gutentor-element-advanced-text\"><div class=\"gutentor-text-wrap\"><p class=\"gutentor-text\">Mit vielen unserer Kunden unterhalten wir langj\u00e4hrige und auf gegenseitigem Vertrauen begr\u00fcndete Gesch\u00e4ftsbeziehungen. Hier ein Auszug realisierter Projekte.<\/p><\/div><\/div>\n\n\n\n<section id=\"gm1111f0b\" class=\"wp-block-gutentor-m4 section-gm1111f0b gutentor-module gutentor-advanced-columns\"><div class=\"grid-container\"><div class=\"grid-row\">\n<div id=\"col-gm21be39\" class=\"wp-block-gutentor-m4-col col-gm21be39 gutentor-single-column  grid-lg-4 grid-md-12 grid-12\"><div id=\"section-gm21be39\" class=\"section-gm21be39 gutentor-col-wrap\">\n<div id=\"section-ga05471\" class=\"wp-block-gutentor-e6 section-ga05471 gutentor-element gutentor-element-image\"><div class=\"gutentor-element-image-box\"><a class=\"gutentor-element-image-link\" href=\"https:\/\/tfi-ingenieure.de\/content\/hochschule-darmstadt-chemie-und-biotechnologie\/\"><div class=\"gutentor-image-thumb\"><img decoding=\"async\" class=\"normal-image\" src=\"https:\/\/tfi-ingenieure.de\/content\/wp-content\/uploads\/2022\/10\/uni-darmstadt-teaser-1.jpg\"\/><\/div><\/a><\/div><\/div>\n\n\n\n<div id=\"section-ge74141\" class=\"wp-block-gutentor-e1 section-ge74141 gutentor-element gutentor-element-advanced-text\"><div class=\"gutentor-text-wrap\"><p class=\"gutentor-text\">Hochschule Darmstadt, Chemie und Biotechnologie<\/p><\/div><\/div>\n<\/div><\/div>\n\n\n\n<div id=\"col-gmd614a9\" class=\"wp-block-gutentor-m4-col col-gmd614a9 gutentor-single-column  grid-lg-4 grid-md-12 grid-12\"><div id=\"section-gmd614a9\" class=\"section-gmd614a9 gutentor-col-wrap\">\n<div id=\"section-gdafd06\" class=\"wp-block-gutentor-e6 section-gdafd06 gutentor-element gutentor-element-image\"><div class=\"gutentor-element-image-box\"><a class=\"gutentor-element-image-link\" href=\"https:\/\/tfi-ingenieure.de\/content\/roche-diagnostics-mannheim\/\"><div class=\"gutentor-image-thumb\"><img decoding=\"async\" class=\"normal-image\" src=\"https:\/\/tfi-ingenieure.de\/content\/wp-content\/uploads\/2022\/10\/roche-mannheim-teaser.jpg\"\/><\/div><\/a><\/div><\/div>\n\n\n\n<div id=\"section-gef3785\" class=\"wp-block-gutentor-e1 section-gef3785 gutentor-element gutentor-element-advanced-text\"><div class=\"gutentor-text-wrap\"><p class=\"gutentor-text\">Roche Diagnostics, Mannheim<\/p><\/div><\/div>\n<\/div><\/div>\n\n\n\n<div id=\"col-gm86d22e\" class=\"wp-block-gutentor-m4-col col-gm86d22e gutentor-single-column  grid-lg-4 grid-md-12 grid-12\"><div id=\"section-gm86d22e\" class=\"section-gm86d22e gutentor-col-wrap\">\n<div id=\"section-g7fb5c9\" class=\"wp-block-gutentor-e6 section-g7fb5c9 gutentor-element gutentor-element-image\"><div class=\"gutentor-element-image-box\"><a class=\"gutentor-element-image-link\" href=\"https:\/\/tfi-ingenieure.de\/content\/european-molecular-biology-laboratory-embl-heidelberg\/\"><div class=\"gutentor-image-thumb\"><img decoding=\"async\" class=\"normal-image\" src=\"https:\/\/tfi-ingenieure.de\/content\/wp-content\/uploads\/2022\/11\/embl-heidelberg-teaser.jpg\"\/><\/div><\/a><\/div><\/div>\n\n\n\n<div id=\"section-g17d72a\" class=\"wp-block-gutentor-e1 section-g17d72a gutentor-element gutentor-element-advanced-text\"><div class=\"gutentor-text-wrap\"><p class=\"gutentor-text\">European Molecular Biology Laboratory (EMBL), Heidelberg<\/p><\/div><\/div>\n<\/div><\/div>\n<\/div><\/div><\/section>\n<\/div><\/div>\n<\/div><\/div><\/section>\n\n\n\n<p><\/p>\n","protected":false},"excerpt":{"rendered":"","protected":false},"author":2,"featured_media":0,"parent":0,"menu_order":0,"comment_status":"closed","ping_status":"closed","template":"template-gutentor-full-width.php","meta":{"footnotes":""},"class_list":["post-497","page","type-page","status-publish","hentry"],"_links":{"self":[{"href":"https:\/\/tfi-ingenieure.de\/content\/wp-json\/wp\/v2\/pages\/497","targetHints":{"allow":["GET"]}}],"collection":[{"href":"https:\/\/tfi-ingenieure.de\/content\/wp-json\/wp\/v2\/pages"}],"about":[{"href":"https:\/\/tfi-ingenieure.de\/content\/wp-json\/wp\/v2\/types\/page"}],"author":[{"embeddable":true,"href":"https:\/\/tfi-ingenieure.de\/content\/wp-json\/wp\/v2\/users\/2"}],"replies":[{"embeddable":true,"href":"https:\/\/tfi-ingenieure.de\/content\/wp-json\/wp\/v2\/comments?post=497"}],"version-history":[{"count":25,"href":"https:\/\/tfi-ingenieure.de\/content\/wp-json\/wp\/v2\/pages\/497\/revisions"}],"predecessor-version":[{"id":1912,"href":"https:\/\/tfi-ingenieure.de\/content\/wp-json\/wp\/v2\/pages\/497\/revisions\/1912"}],"wp:attachment":[{"href":"https:\/\/tfi-ingenieure.de\/content\/wp-json\/wp\/v2\/media?parent=497"}],"curies":[{"name":"wp","href":"https:\/\/api.w.org\/{rel}","templated":true}]}}