{"id":52,"date":"2019-10-31T07:46:42","date_gmt":"2019-10-31T07:46:42","guid":{"rendered":"https:\/\/www.demo.cosmoswp.com\/demo-9\/?page_id=4"},"modified":"2025-06-25T17:39:04","modified_gmt":"2025-06-25T15:39:04","slug":"home","status":"publish","type":"page","link":"https:\/\/tfi-ingenieure.de\/content\/","title":{"rendered":"Startseite"},"content":{"rendered":"\n<section id=\"section-e62b92cb-73bc-44f3-ac6b-74fd80443d2f\" class=\"wp-block-gutentor-image-slider gutentor-section gutentor-image-slider imageSlider-template1 text-left\"><div class=\"gutentor-grid-item-wrap\"><div class=\"gutentor-slider-wrapper\" data-dots=\"false\" data-arrows=\"false\" data-infinite=\"true\" data-nextarrow=\"fas fa-angle-right\" data-prevarrow=\"fas fa-angle-left\" data-autoplay=\"true\" data-autoplayspeed=\"4000\" data-fade=\"false\" data-speed=\"1400\"><div class=\"gutentor-slider-item\"><div class=\"gutentor-single-item gutentor-single-item-0\"><div class=\"gutentor-single-item-wrap\"><div class=\"gutentor-single-item-image-box\"><div class=\"gutentor-bg-image\"><div class=\"overlay\"><\/div><\/div><\/div><div class=\"gutentor-single-item-content\"><div class=\"grid-container\"><div class=\"slider-caption text-left\"><h3 class=\"gutentor-single-item-title\">Beraten, Planen, Steuern<\/h3><p class=\"gutentor-single-item-desc\">Spezialist f\u00fcr die Planung elektrotechnischer Geb\u00e4udeausr\u00fcstungen<\/p><a class=\"gutentor-button gutentor-single-item-button gutentor-icon-hide\" href=\"https:\/\/tfi-ingenieure.de\/content\/leistungen\/\"><i class=\"gutentor-button-icon fas fa-book\"><\/i><span>Leistungen<\/span><\/a><\/div><\/div><\/div><\/div><\/div><\/div><div class=\"gutentor-slider-item\"><div class=\"gutentor-single-item gutentor-single-item-1\"><div class=\"gutentor-single-item-wrap\"><div class=\"gutentor-single-item-image-box\"><div class=\"gutentor-bg-image\"><div class=\"overlay\"><\/div><\/div><\/div><div class=\"gutentor-single-item-content\"><div class=\"grid-container\"><div class=\"slider-caption text-left\"><h3 class=\"gutentor-single-item-title\">Wir planen, projektieren und konstruieren f\u00fcr Sie<\/h3><p class=\"gutentor-single-item-desc\">Durchdachte, zukunftsorientierte und individuelle Komplettl\u00f6sungen<\/p><a class=\"gutentor-button gutentor-single-item-button gutentor-icon-hide\" href=\"https:\/\/tfi-ingenieure.de\/content\/leistungen\/\"><i class=\"gutentor-button-icon fas fa-book\"><\/i><span>LEISTUNGEN<\/span><\/a><\/div><\/div><\/div><\/div><\/div><\/div><div class=\"gutentor-slider-item\"><div class=\"gutentor-single-item gutentor-single-item-2\"><div class=\"gutentor-single-item-wrap\"><div class=\"gutentor-single-item-image-box\"><div class=\"gutentor-bg-image\"><div class=\"overlay\"><\/div><\/div><\/div><div class=\"gutentor-single-item-content\"><div class=\"grid-container\"><div class=\"slider-caption text-left\"><h3 class=\"gutentor-single-item-title\">Zukunftsorientierte und individuelle Komplettl\u00f6sungen<\/h3><p class=\"gutentor-single-item-desc\">Kostenbewusstes, umweltgerechtes und energiesparendes Bauen ist f\u00fcr uns selbstverst\u00e4ndlich<\/p><a class=\"gutentor-button gutentor-single-item-button gutentor-icon-hide\" href=\"https:\/\/tfi-ingenieure.de\/content\/leistungen\/\"><i class=\"gutentor-button-icon fas fa-book\"><\/i><span>LEISTUNGEN<\/span><\/a><\/div><\/div><\/div><\/div><\/div><\/div><\/div><\/div><\/section>\n\n\n\n<section id=\"gm6be3583\" class=\"wp-block-gutentor-m4 section-gm6be3583 gutentor-module gutentor-advanced-columns has-image-bg has-custom-bg\"><div class=\"grid-container\"><div class=\"grid-row\">\n<div id=\"col-gm6f4313\" class=\"wp-block-gutentor-m4-col col-gm6f4313 gutentor-single-column  grid-lg-12 grid-md-12 grid-12\"><div id=\"section-gm6f4313\" class=\"section-gm6f4313 gutentor-col-wrap\">\n<div id=\"section-gdad4a9\" class=\"wp-block-gutentor-e1 section-gdad4a9 gutentor-element gutentor-element-advanced-text wow slideInLeft text-align-center-desktop\" data-wow-animation=\"slideInLeft\"><div class=\"gutentor-text-wrap\"><h3 class=\"gutentor-text\">Ihre Experten f\u00fcr technische Geb\u00e4udeausr\u00fcstung aus Mannheim<\/h3><\/div><\/div>\n\n\n\n<div id=\"section-g06f558\" class=\"wp-block-gutentor-e1 section-g06f558 gutentor-element gutentor-element-advanced-text wow slideInRight text-align-center-desktop\" data-wow-animation=\"slideInRight\"><div class=\"gutentor-text-wrap\"><p class=\"gutentor-text\">tfi Ingenieure steht f\u00fcr Qualit\u00e4t und Sicherheit in der Planung, Entwicklung und Realisierung technischer Geb\u00e4udeausr\u00fcstung.<br>Wir unterst\u00fctzen Sie bei allen Fragen der Elektrotechnik, Sicherheitstechnik, der Kommunikations- und Netzwerktechnik sowie der F\u00f6rdertechnik.<\/p><\/div><\/div>\n\n\n\n<section id=\"section-206ba5e5-6e7a-4fbe-85d7-71239f3046bc\" class=\"wp-block-gutentor-image-box gutentor-section gutentor-image-wrapper imagebox-template1 wow animated slideInUp\" data-wow-animation=\"slideInUp\" data-wow-iteration=\"1\"><div class=\"grid-container\"><div class=\"grid-row gutentor-grid-item-wrap wow animated zoomIn\" data-wow-animation=\"zoomIn\" data-wow-iteration=\"1\"><div class=\"gutentor-grid-column grid-lg-4 grid-md-4 grid-12\"><div class=\"gutentor-single-item gutentor-image gutentor-single-item-0\"><div class=\"gutentor-single-item-wrap\"><div class=\"gutentor-single-item-image-box\"><div class=\"gutentor-image-thumb\"><img loading=\"lazy\" decoding=\"async\" class=\"normal-image\" src=\"https:\/\/tfi-ingenieure.de\/content\/wp-content\/uploads\/2022\/04\/elektrotechnik.jpg\" alt=\"\" height=\"400\" width=\"600\"\/><\/div><\/div><div class=\"gutentor-single-item-content\"><a class=\"gutentor-button gutentor-single-item-button gutentor-icon-before\" href=\"https:\/\/tfi-ingenieure.de\/content\/leistungen\/\"><i class=\"gutentor-button-icon fas fa-angle-double-right\"><\/i><span>Elektrotechnik<\/span><\/a><\/div><\/div><\/div><\/div><div class=\"gutentor-grid-column grid-lg-4 grid-md-4 grid-12\"><div class=\"gutentor-single-item gutentor-image gutentor-single-item-1\"><div class=\"gutentor-single-item-wrap\"><div class=\"gutentor-single-item-image-box\"><div class=\"gutentor-image-thumb\"><img loading=\"lazy\" decoding=\"async\" class=\"normal-image\" src=\"https:\/\/tfi-ingenieure.de\/content\/wp-content\/uploads\/2025\/05\/sicherheit.jpg\" alt=\"\" height=\"400\" width=\"600\"\/><\/div><\/div><div class=\"gutentor-single-item-content\"><a class=\"gutentor-button gutentor-single-item-button gutentor-icon-before\" href=\"https:\/\/tfi-ingenieure.de\/content\/leistungen\/\"><i class=\"gutentor-button-icon fas fa-angle-double-right\"><\/i><span>Sicherheitstechnik<\/span><\/a><\/div><\/div><\/div><\/div><div class=\"gutentor-grid-column grid-lg-4 grid-md-4 grid-12\"><div class=\"gutentor-single-item gutentor-image gutentor-single-item-2\"><div class=\"gutentor-single-item-wrap\"><div class=\"gutentor-single-item-image-box\"><div class=\"gutentor-image-thumb\"><img loading=\"lazy\" decoding=\"async\" class=\"normal-image\" src=\"https:\/\/tfi-ingenieure.de\/content\/wp-content\/uploads\/2022\/11\/kommunikationstechnik-1.jpg\" alt=\"\" height=\"400\" width=\"600\"\/><\/div><\/div><div class=\"gutentor-single-item-content\"><a class=\"gutentor-button gutentor-single-item-button gutentor-icon-before\" href=\"https:\/\/tfi-ingenieure.de\/content\/leistungen\/\"><i class=\"gutentor-button-icon fas fa-angle-double-right\"><\/i><span>Kommunikationstechnik<\/span><\/a><\/div><\/div><\/div><\/div><div class=\"gutentor-grid-column grid-lg-4 grid-md-4 grid-12\"><div class=\"gutentor-single-item gutentor-image gutentor-single-item-3\"><div class=\"gutentor-single-item-wrap\"><div class=\"gutentor-single-item-image-box\"><div class=\"gutentor-image-thumb\"><img loading=\"lazy\" decoding=\"async\" class=\"normal-image\" src=\"https:\/\/tfi-ingenieure.de\/content\/wp-content\/uploads\/2022\/11\/netzwerktechnik.jpg\" alt=\"\" height=\"400\" width=\"600\"\/><\/div><\/div><div class=\"gutentor-single-item-content\"><a class=\"gutentor-button gutentor-single-item-button gutentor-icon-before\" href=\"https:\/\/tfi-ingenieure.de\/content\/leistungen\/\"><i class=\"gutentor-button-icon fas fa-angle-double-right\"><\/i><span>Netzwerktechnik<\/span><\/a><\/div><\/div><\/div><\/div><div class=\"gutentor-grid-column grid-lg-4 grid-md-4 grid-12\"><div class=\"gutentor-single-item gutentor-image gutentor-single-item-4\"><div class=\"gutentor-single-item-wrap\"><div class=\"gutentor-single-item-image-box\"><div class=\"gutentor-image-thumb\"><img loading=\"lazy\" decoding=\"async\" class=\"normal-image\" src=\"https:\/\/tfi-ingenieure.de\/content\/wp-content\/uploads\/2021\/10\/planung.jpg\" alt=\"\" height=\"533\" width=\"800\"\/><\/div><\/div><div class=\"gutentor-single-item-content\"><a class=\"gutentor-button gutentor-single-item-button gutentor-icon-before\" href=\"https:\/\/tfi-ingenieure.de\/content\/leistungen\/\"><i class=\"gutentor-button-icon fas fa-angle-double-right\"><\/i><span>Engineering<\/span><\/a><\/div><\/div><\/div><\/div><div class=\"gutentor-grid-column grid-lg-4 grid-md-4 grid-12\"><div class=\"gutentor-single-item gutentor-image gutentor-single-item-5\"><div class=\"gutentor-single-item-wrap\"><div class=\"gutentor-single-item-image-box\"><div class=\"gutentor-image-thumb\"><img loading=\"lazy\" decoding=\"async\" class=\"normal-image\" src=\"https:\/\/tfi-ingenieure.de\/content\/wp-content\/uploads\/2022\/11\/foerderetechnik3-1.jpg\" alt=\"\" height=\"400\" width=\"600\"\/><\/div><\/div><div class=\"gutentor-single-item-content\"><a class=\"gutentor-button gutentor-single-item-button gutentor-icon-before\" href=\"https:\/\/tfi-ingenieure.de\/content\/leistungen\/\"><i class=\"gutentor-button-icon fas fa-angle-double-right\"><\/i><span>F\u00f6rdertechnik<\/span><\/a><\/div><\/div><\/div><\/div><\/div><\/div><\/section>\n\n\n\n<div id=\"section-gd99972\" class=\"wp-block-gutentor-e1 section-gd99972 gutentor-element gutentor-element-advanced-text wow flip text-align-center-desktop\" data-wow-animation=\"flip\"><div class=\"gutentor-text-wrap\"><h3 class=\"gutentor-text\"> <a href=\"https:\/\/tfi-ingenieure.de\/content\/leistungen\/#Energieeffizientes-Bauen\">Energieeffizientes Bauen <\/a><\/h3><\/div><\/div>\n\n\n\n<div id=\"section-g35ce7a\" class=\"wp-block-gutentor-e6 section-g35ce7a gutentor-element gutentor-element-image text-align-center-desktop text-align-center-tablet text-align-center-mobile\"><div class=\"gutentor-element-image-box\"><a class=\"gutentor-element-image-link\" href=\"https:\/\/grafix-dezign.de\/tfi-ingenieure\/leistungen\/#Energieeffizientes-Bauen\"><div class=\"gutentor-image-thumb\"><img decoding=\"async\" class=\"normal-image\" src=\"https:\/\/tfi-ingenieure.de\/content\/wp-content\/uploads\/2022\/11\/green-building.png\"\/><\/div><\/a><\/div><\/div>\n<\/div><\/div>\n<\/div><\/div><\/section>\n","protected":false},"excerpt":{"rendered":"","protected":false},"author":2,"featured_media":0,"parent":0,"menu_order":0,"comment_status":"closed","ping_status":"closed","template":"template-gutentor-full-width.php","meta":{"footnotes":""},"class_list":["post-52","page","type-page","status-publish","hentry"],"_links":{"self":[{"href":"https:\/\/tfi-ingenieure.de\/content\/wp-json\/wp\/v2\/pages\/52","targetHints":{"allow":["GET"]}}],"collection":[{"href":"https:\/\/tfi-ingenieure.de\/content\/wp-json\/wp\/v2\/pages"}],"about":[{"href":"https:\/\/tfi-ingenieure.de\/content\/wp-json\/wp\/v2\/types\/page"}],"author":[{"embeddable":true,"href":"https:\/\/tfi-ingenieure.de\/content\/wp-json\/wp\/v2\/users\/2"}],"replies":[{"embeddable":true,"href":"https:\/\/tfi-ingenieure.de\/content\/wp-json\/wp\/v2\/comments?post=52"}],"version-history":[{"count":99,"href":"https:\/\/tfi-ingenieure.de\/content\/wp-json\/wp\/v2\/pages\/52\/revisions"}],"predecessor-version":[{"id":1943,"href":"https:\/\/tfi-ingenieure.de\/content\/wp-json\/wp\/v2\/pages\/52\/revisions\/1943"}],"wp:attachment":[{"href":"https:\/\/tfi-ingenieure.de\/content\/wp-json\/wp\/v2\/media?parent=52"}],"curies":[{"name":"wp","href":"https:\/\/api.w.org\/{rel}","templated":true}]}}