{"id":525,"date":"2022-10-13T18:08:59","date_gmt":"2022-10-13T16:08:59","guid":{"rendered":"https:\/\/grafix-dezign.de\/tfi-ingenieure\/?page_id=525"},"modified":"2025-06-25T19:54:16","modified_gmt":"2025-06-25T17:54:16","slug":"baudenkmaeler","status":"publish","type":"page","link":"https:\/\/tfi-ingenieure.de\/content\/baudenkmaeler\/","title":{"rendered":"Baudenkm\u00e4ler"},"content":{"rendered":"\n<div id=\"section-g060e0d\" class=\"wp-block-gutentor-e6 section-g060e0d gutentor-element gutentor-element-image\"><div class=\"gutentor-element-image-box\"><div class=\"gutentor-bg-image\"><\/div><\/div><\/div>\n\n\n\n<section id=\"gmf6fb04a\" class=\"wp-block-gutentor-m4 section-gmf6fb04a gutentor-module gutentor-advanced-columns has-image-bg has-custom-bg\"><div class=\"grid-container\"><div class=\"grid-row\">\n<div id=\"col-gm2a1b78\" class=\"wp-block-gutentor-m4-col col-gm2a1b78 gutentor-single-column  grid-lg-12 grid-md-12 grid-12\"><div id=\"section-gm2a1b78\" class=\"section-gm2a1b78 gutentor-col-wrap\">\n<div id=\"section-g3b5bf6\" class=\"wp-block-gutentor-e1 section-g3b5bf6 gutentor-element gutentor-element-advanced-text\"><div class=\"gutentor-text-wrap\"><p class=\"gutentor-text\"><a href=\"https:\/\/tfi-ingenieure.de\/content\/referenzen\/\" data-type=\"page\">Projektauswahl<\/a>  I  <a href=\"https:\/\/tfi-ingenieure.de\/content\/institutsgebaeude\/\" data-type=\"page\">Forschungsbauten<\/a>  I  <a href=\"https:\/\/tfi-ingenieure.de\/content\/laborbauten\/\" data-type=\"page\">Laborbauten<\/a>  I  <span style=\"color:#024484\" class=\"has-inline-color\"><strong>Baudenkm\u00e4ler<\/strong><\/span>  I  <a href=\"https:\/\/tfi-ingenieure.de\/content\/dienstgebaeude\/\" data-type=\"page\">Dienstgeb\u00e4ude<\/a>  I  <a href=\"https:\/\/tfi-ingenieure.de\/content\/bildungseinrichtungen\/\" data-type=\"page\">Bildungseinrichtungen<\/a>  <\/p><\/div><\/div>\n\n\n\n<div id=\"section-gb03e46\" class=\"wp-block-gutentor-e1 section-gb03e46 gutentor-element gutentor-element-advanced-text\"><div class=\"gutentor-text-wrap\"><h2 class=\"gutentor-text\">Baudenkm\u00e4ler<\/h2><\/div><\/div>\n\n\n\n<div id=\"section-g686f0a\" class=\"wp-block-gutentor-e1 section-g686f0a gutentor-element gutentor-element-advanced-text\"><div class=\"gutentor-text-wrap\"><p class=\"gutentor-text\">Mit vielen unserer Kunden unterhalten wir langj\u00e4hrige und auf gegenseitigem Vertrauen begr\u00fcndete Gesch\u00e4ftsbeziehungen. Hier ein Auszug realisierter Projekte. <\/p><\/div><\/div>\n\n\n\n<section id=\"gma9d590b\" class=\"wp-block-gutentor-m4 section-gma9d590b gutentor-module gutentor-advanced-columns\"><div class=\"grid-container\"><div class=\"grid-row\">\n<div id=\"col-gmbf8a8c\" class=\"wp-block-gutentor-m4-col col-gmbf8a8c gutentor-single-column  grid-lg-4 grid-md-12 grid-12\"><div id=\"section-gmbf8a8c\" class=\"section-gmbf8a8c gutentor-col-wrap\">\n<div id=\"section-gee89bd\" class=\"wp-block-gutentor-e6 section-gee89bd gutentor-element gutentor-element-image\"><div class=\"gutentor-element-image-box\"><a class=\"gutentor-element-image-link\" href=\"https:\/\/tfi-ingenieure.de\/content\/cats-heidelberg\/\"><div class=\"gutentor-image-thumb\"><img decoding=\"async\" class=\"normal-image\" src=\"https:\/\/tfi-ingenieure.de\/content\/wp-content\/uploads\/2022\/11\/baudenkmal-cats-teaser.jpg\"\/><\/div><\/a><\/div><\/div>\n\n\n\n<div id=\"section-gcb5f82\" class=\"wp-block-gutentor-e1 section-gcb5f82 gutentor-element gutentor-element-advanced-text\"><div class=\"gutentor-text-wrap\"><p class=\"gutentor-text\">CATS, Heidelberg<\/p><\/div><\/div>\n<\/div><\/div>\n\n\n\n<div id=\"col-gmeaf452\" class=\"wp-block-gutentor-m4-col col-gmeaf452 gutentor-single-column  grid-lg-4 grid-md-12 grid-12\"><div id=\"section-gmeaf452\" class=\"section-gmeaf452 gutentor-col-wrap\">\n<div id=\"section-g58a14f\" class=\"wp-block-gutentor-e6 section-g58a14f gutentor-element gutentor-element-image\"><div class=\"gutentor-element-image-box\"><a class=\"gutentor-element-image-link\" href=\"https:\/\/tfi-ingenieure.de\/content\/polizeipraesidium-mannheim\/\"><div class=\"gutentor-image-thumb\"><img decoding=\"async\" class=\"normal-image\" src=\"https:\/\/tfi-ingenieure.de\/content\/wp-content\/uploads\/2022\/11\/polizei-mannheim.teaser.jpg\"\/><\/div><\/a><\/div><\/div>\n\n\n\n<div id=\"section-g8a8dc9\" class=\"wp-block-gutentor-e1 section-g8a8dc9 gutentor-element gutentor-element-advanced-text\"><div class=\"gutentor-text-wrap\"><p class=\"gutentor-text\">Polizeipr\u00e4sidium, Mannheim<\/p><\/div><\/div>\n<\/div><\/div>\n\n\n\n<div id=\"col-gm278869\" class=\"wp-block-gutentor-m4-col col-gm278869 gutentor-single-column  grid-lg-4 grid-md-12 grid-12\"><div id=\"section-gm278869\" class=\"section-gm278869 gutentor-col-wrap\">\n<div id=\"section-g1ea559\" class=\"wp-block-gutentor-e6 section-g1ea559 gutentor-element gutentor-element-image\"><div class=\"gutentor-element-image-box\"><a class=\"gutentor-element-image-link\" href=\"https:\/\/tfi-ingenieure.de\/content\/barockschloss-mannheim\/\"><div class=\"gutentor-image-thumb\"><img decoding=\"async\" class=\"normal-image\" src=\"https:\/\/tfi-ingenieure.de\/content\/wp-content\/uploads\/2022\/11\/barockschloss-teaser.jpg\"\/><\/div><\/a><\/div><\/div>\n\n\n\n<div id=\"section-gfbcdfb\" class=\"wp-block-gutentor-e1 section-gfbcdfb gutentor-element gutentor-element-advanced-text\"><div class=\"gutentor-text-wrap\"><p class=\"gutentor-text\">Barockschloss, Mannheim<\/p><\/div><\/div>\n<\/div><\/div>\n<\/div><\/div><\/section>\n\n\n\n<section id=\"gm3b076e3\" class=\"wp-block-gutentor-m4 section-gm3b076e3 gutentor-module gutentor-advanced-columns\"><div class=\"grid-container\"><div class=\"grid-row\">\n<div id=\"col-gm2f2309\" class=\"wp-block-gutentor-m4-col col-gm2f2309 gutentor-single-column  grid-lg-4 grid-md-12 grid-12\"><div id=\"section-gm2f2309\" class=\"section-gm2f2309 gutentor-col-wrap\">\n<div id=\"section-gd39d67\" class=\"wp-block-gutentor-e6 section-gd39d67 gutentor-element gutentor-element-image\"><div class=\"gutentor-element-image-box\"><a class=\"gutentor-element-image-link\" href=\"https:\/\/tfi-ingenieure.de\/content\/max-planck-institut-fuer-herz-und-lungenforschung-bad-nauheim\/\"><div class=\"gutentor-image-thumb\"><img decoding=\"async\" class=\"normal-image\" src=\"https:\/\/tfi-ingenieure.de\/content\/wp-content\/uploads\/2022\/10\/max-planck-teaser.jpg\"\/><\/div><\/a><\/div><\/div>\n\n\n\n<div id=\"section-g76607f\" class=\"wp-block-gutentor-e1 section-g76607f gutentor-element gutentor-element-advanced-text\"><div class=\"gutentor-text-wrap\"><p class=\"gutentor-text\">Max-Planck-Institut f\u00fcr Herz- und Lungenforschung, Bad Nauheim<\/p><\/div><\/div>\n<\/div><\/div>\n\n\n\n<div id=\"col-gm2fe197\" class=\"wp-block-gutentor-m4-col col-gm2fe197 gutentor-single-column  grid-lg-4 grid-md-12 grid-12\"><div id=\"section-gm2fe197\" class=\"section-gm2fe197 gutentor-col-wrap\">\n<div id=\"section-gab295b\" class=\"wp-block-gutentor-e6 section-gab295b gutentor-element gutentor-element-image\"><div class=\"gutentor-element-image-box\"><a class=\"gutentor-element-image-link\" href=\"https:\/\/tfi-ingenieure.de\/content\/kunsthalle-mannheim\/\"><div class=\"gutentor-image-thumb\"><img decoding=\"async\" class=\"normal-image\" src=\"https:\/\/tfi-ingenieure.de\/content\/wp-content\/uploads\/2022\/10\/kunsthalle-mannheim-teaser-1.jpg\"\/><\/div><\/a><\/div><\/div>\n\n\n\n<div id=\"section-g929b89\" class=\"wp-block-gutentor-e1 section-g929b89 gutentor-element gutentor-element-advanced-text\"><div class=\"gutentor-text-wrap\"><p class=\"gutentor-text\">Kunsthalle, Mannheim<\/p><\/div><\/div>\n<\/div><\/div>\n\n\n\n<div id=\"col-gm1e7f2d\" class=\"wp-block-gutentor-m4-col col-gm1e7f2d gutentor-single-column  grid-lg-4 grid-md-12 grid-12\"><div id=\"section-gm1e7f2d\" class=\"section-gm1e7f2d gutentor-col-wrap\">\n<div id=\"section-g78cf97\" class=\"wp-block-gutentor-e6 section-g78cf97 gutentor-element gutentor-element-image\"><div class=\"gutentor-element-image-box\"><div class=\"gutentor-image-thumb\"><img decoding=\"async\" class=\"normal-image\" src=\"https:\/\/tfi-ingenieure.de\/content\/wp-content\/uploads\/2022\/10\/kunsthalle-karlsruhe-teaser.jpg\"\/><\/div><\/div><\/div>\n\n\n\n<div id=\"section-gd41da3\" class=\"wp-block-gutentor-e1 section-gd41da3 gutentor-element gutentor-element-advanced-text\"><div class=\"gutentor-text-wrap\"><p class=\"gutentor-text\">Kunsthalle Karlsruhe<\/p><\/div><\/div>\n<\/div><\/div>\n<\/div><\/div><\/section>\n<\/div><\/div>\n<\/div><\/div><\/section>\n","protected":false},"excerpt":{"rendered":"","protected":false},"author":2,"featured_media":0,"parent":0,"menu_order":0,"comment_status":"closed","ping_status":"closed","template":"template-gutentor-full-width.php","meta":{"footnotes":""},"class_list":["post-525","page","type-page","status-publish","hentry"],"_links":{"self":[{"href":"https:\/\/tfi-ingenieure.de\/content\/wp-json\/wp\/v2\/pages\/525","targetHints":{"allow":["GET"]}}],"collection":[{"href":"https:\/\/tfi-ingenieure.de\/content\/wp-json\/wp\/v2\/pages"}],"about":[{"href":"https:\/\/tfi-ingenieure.de\/content\/wp-json\/wp\/v2\/types\/page"}],"author":[{"embeddable":true,"href":"https:\/\/tfi-ingenieure.de\/content\/wp-json\/wp\/v2\/users\/2"}],"replies":[{"embeddable":true,"href":"https:\/\/tfi-ingenieure.de\/content\/wp-json\/wp\/v2\/comments?post=525"}],"version-history":[{"count":34,"href":"https:\/\/tfi-ingenieure.de\/content\/wp-json\/wp\/v2\/pages\/525\/revisions"}],"predecessor-version":[{"id":1957,"href":"https:\/\/tfi-ingenieure.de\/content\/wp-json\/wp\/v2\/pages\/525\/revisions\/1957"}],"wp:attachment":[{"href":"https:\/\/tfi-ingenieure.de\/content\/wp-json\/wp\/v2\/media?parent=525"}],"curies":[{"name":"wp","href":"https:\/\/api.w.org\/{rel}","templated":true}]}}