{"id":612,"date":"2022-10-19T13:58:24","date_gmt":"2022-10-19T11:58:24","guid":{"rendered":"https:\/\/grafix-dezign.de\/tfi-ingenieure\/?page_id=612"},"modified":"2025-06-25T16:53:59","modified_gmt":"2025-06-25T14:53:59","slug":"cats-heidelberg","status":"publish","type":"page","link":"https:\/\/tfi-ingenieure.de\/content\/cats-heidelberg\/","title":{"rendered":"CATS, Heidelberg"},"content":{"rendered":"\n<div id=\"section-g8c364a\" class=\"wp-block-gutentor-e6 section-g8c364a gutentor-element gutentor-element-image\"><div class=\"gutentor-element-image-box\"><div class=\"gutentor-bg-image\"><\/div><\/div><\/div>\n\n\n\n<section id=\"gm3def1d0\" class=\"wp-block-gutentor-m4 section-gm3def1d0 gutentor-module gutentor-advanced-columns has-image-bg has-custom-bg\"><div class=\"grid-container\"><div class=\"grid-row\">\n<div id=\"col-gm260229\" class=\"wp-block-gutentor-m4-col col-gm260229 gutentor-single-column  grid-lg-12 grid-md-12 grid-12\"><div id=\"section-gm260229\" class=\"section-gm260229 gutentor-col-wrap\">\n<div id=\"section-g6b088d\" class=\"wp-block-gutentor-e1 section-g6b088d gutentor-element gutentor-element-advanced-text\"><div class=\"gutentor-text-wrap\"><p class=\"gutentor-text\"><a href=\"https:\/\/tfi-ingenieure.de\/content\/referenzen\/\" data-type=\"page\">Projektauswahl<\/a>  I  <a href=\"https:\/\/tfi-ingenieure.de\/content\/institutsgebaeude\/\" data-type=\"page\">Forschungsbauten<\/a>  I  <a href=\"https:\/\/tfi-ingenieure.de\/content\/laborbauten\/\" data-type=\"page\">Laborbauten<\/a>  I  <a href=\"https:\/\/tfi-ingenieure.de\/content\/baudenkmaeler\/\" data-type=\"page\"><span style=\"color:#024484\" class=\"has-inline-color\"><strong>Baudenkm\u00e4ler<\/strong><\/span><\/a>  I  <a href=\"https:\/\/tfi-ingenieure.de\/content\/dienstgebaeude\/\" data-type=\"page\">Dienstgeb\u00e4ude<\/a>  I  <a href=\"https:\/\/tfi-ingenieure.de\/content\/bildungseinrichtungen\/\" data-type=\"page\">Bildungseinrichtungen<\/a> <\/p><\/div><\/div>\n\n\n\n<div id=\"section-gcc8419\" class=\"wp-block-gutentor-e1 section-gcc8419 gutentor-element gutentor-element-advanced-text\"><div class=\"gutentor-text-wrap\"><h3 class=\"gutentor-text\">Centre for Asian and Transcultural Studies (CATS), Heidelberg<\/h3><\/div><\/div>\n\n\n\n<div id=\"section-ge4b7d0\" class=\"wp-block-gutentor-e1 section-ge4b7d0 gutentor-element gutentor-element-advanced-text\"><div class=\"gutentor-text-wrap\"><h4 class=\"gutentor-text\">Sanierung denkmalgesch\u00fctzter Bestandsbauten, Neubau Bibliothek<\/h4><\/div><\/div>\n\n\n\n<section id=\"gm5a850e3\" class=\"wp-block-gutentor-m4 section-gm5a850e3 gutentor-module gutentor-advanced-columns\"><div class=\"grid-container\"><div class=\"grid-row\">\n<div id=\"col-gm87ac9d\" class=\"wp-block-gutentor-m4-col col-gm87ac9d gutentor-single-column  grid-lg-6 grid-md-12 grid-12\"><div id=\"section-gm87ac9d\" class=\"section-gm87ac9d gutentor-col-wrap\">\n<div id=\"section-gfca2b3\" class=\"wp-block-gutentor-e1 section-gfca2b3 gutentor-element gutentor-element-advanced-text\"><div class=\"gutentor-text-wrap\"><p class=\"gutentor-text\"><strong>Bauherr<\/strong><br>Verm\u00f6gen und Bau Baden-W\u00fcrttemberg<br>Amt Mannheim und Heidelberg, Dienstsitz Heidelberg<br><br><strong>Zeitraum<\/strong><br>2014 &#8211; 2019<br><br><strong>Leistungsphasen<\/strong><br>2 &#8211; 8<br><br><strong>Baukosten<\/strong> <strong>Elektrotechnik<\/strong><br>ca. 2,6 Mio. \u20ac<br><br><strong>Unsere Leistungen<\/strong><br>Starkstromanlagen<br>Fernmelde-\/Informationstechnik<br>F\u00f6rdertechnik<br><br>Vorplanung \u2013 Entwurfsplanung \u2013 Ausf\u00fchrungsplanung \u2013 Vergabe \u2013 Objekt\u00fcberwachung<\/p><\/div><\/div>\n<\/div><\/div>\n\n\n\n<div id=\"col-gm21ab67\" class=\"wp-block-gutentor-m4-col col-gm21ab67 gutentor-single-column  grid-lg-6 grid-md-12 grid-12\"><div id=\"section-gm21ab67\" class=\"section-gm21ab67 gutentor-col-wrap\">\n<div id=\"section-gf742f8\" class=\"wp-block-gutentor-e1 section-gf742f8 gutentor-element gutentor-element-advanced-text\"><div class=\"gutentor-text-wrap\"><h4 class=\"gutentor-text\">Hugo-H\u00e4ring-Auszeichnung 2023 des BDA Heidelberg<\/h4><\/div><\/div>\n\n\n\n<div id=\"section-g2ed1be\" class=\"wp-block-gutentor-e1 section-g2ed1be gutentor-element gutentor-element-advanced-text\"><div class=\"gutentor-text-wrap\"><p class=\"gutentor-text\">Die Hugo-H\u00e4ring Auszeichnungen werden an Bauherrinnen und Bauherren sowie Architektinnen und Architekten f\u00fcr ihr gemeinsames Werk vergeben. Die pr\u00e4mierten Geb\u00e4ude nehmen im Folgejahr am Auswahlverfahren zum Hugo-H\u00e4ring-Landespreis teil. Der Bund Deutscher Architektinnen und Architekten (BDA) Baden-W\u00fcrttemberg verleiht seit 1969 im Abstand von drei Jahren den Hugo-H\u00e4ring-Preis f\u00fcr vorbildliche Bauwerke in Baden-W\u00fcrttemberg.<\/p><\/div><\/div>\n\n\n\n<div id=\"section-g814127\" class=\"wp-block-gutentor-e6 section-g814127 gutentor-element gutentor-element-image\"><div class=\"gutentor-element-image-box\"><div class=\"gutentor-image-thumb\"><img decoding=\"async\" class=\"normal-image\" src=\"https:\/\/tfi-ingenieure.de\/content\/wp-content\/uploads\/2022\/10\/cats-heidelberg-1.jpg\"\/><\/div><\/div><\/div>\n\n\n\n<div id=\"section-ga00909\" class=\"wp-block-gutentor-e6 section-ga00909 gutentor-element gutentor-element-image\"><div class=\"gutentor-element-image-box\"><div class=\"gutentor-image-thumb\"><img decoding=\"async\" class=\"normal-image\" src=\"https:\/\/tfi-ingenieure.de\/content\/wp-content\/uploads\/2022\/10\/cats-heidelberg-2.jpg\"\/><\/div><\/div><\/div>\n<\/div><\/div>\n<\/div><\/div><\/section>\n<\/div><\/div>\n<\/div><\/div><\/section>\n","protected":false},"excerpt":{"rendered":"","protected":false},"author":2,"featured_media":0,"parent":0,"menu_order":0,"comment_status":"closed","ping_status":"closed","template":"template-gutentor-full-width.php","meta":{"footnotes":""},"class_list":["post-612","page","type-page","status-publish","hentry"],"_links":{"self":[{"href":"https:\/\/tfi-ingenieure.de\/content\/wp-json\/wp\/v2\/pages\/612","targetHints":{"allow":["GET"]}}],"collection":[{"href":"https:\/\/tfi-ingenieure.de\/content\/wp-json\/wp\/v2\/pages"}],"about":[{"href":"https:\/\/tfi-ingenieure.de\/content\/wp-json\/wp\/v2\/types\/page"}],"author":[{"embeddable":true,"href":"https:\/\/tfi-ingenieure.de\/content\/wp-json\/wp\/v2\/users\/2"}],"replies":[{"embeddable":true,"href":"https:\/\/tfi-ingenieure.de\/content\/wp-json\/wp\/v2\/comments?post=612"}],"version-history":[{"count":32,"href":"https:\/\/tfi-ingenieure.de\/content\/wp-json\/wp\/v2\/pages\/612\/revisions"}],"predecessor-version":[{"id":1895,"href":"https:\/\/tfi-ingenieure.de\/content\/wp-json\/wp\/v2\/pages\/612\/revisions\/1895"}],"wp:attachment":[{"href":"https:\/\/tfi-ingenieure.de\/content\/wp-json\/wp\/v2\/media?parent=612"}],"curies":[{"name":"wp","href":"https:\/\/api.w.org\/{rel}","templated":true}]}}