{"id":655,"date":"2022-10-23T17:58:55","date_gmt":"2022-10-23T15:58:55","guid":{"rendered":"https:\/\/grafix-dezign.de\/tfi-ingenieure\/?page_id=655"},"modified":"2025-06-25T17:05:08","modified_gmt":"2025-06-25T15:05:08","slug":"dienstgebaeude","status":"publish","type":"page","link":"https:\/\/tfi-ingenieure.de\/content\/dienstgebaeude\/","title":{"rendered":"Dienstgeb\u00e4ude"},"content":{"rendered":"\n<div id=\"section-gb6a1c5\" class=\"wp-block-gutentor-e6 section-gb6a1c5 gutentor-element gutentor-element-image\"><div class=\"gutentor-element-image-box\"><div class=\"gutentor-bg-image\"><\/div><\/div><\/div>\n\n\n\n<section id=\"gm6dd5491\" class=\"wp-block-gutentor-m4 section-gm6dd5491 gutentor-module gutentor-advanced-columns has-image-bg has-custom-bg\"><div class=\"grid-container\"><div class=\"grid-row\">\n<div id=\"col-gmb2323c\" class=\"wp-block-gutentor-m4-col col-gmb2323c gutentor-single-column  grid-lg-12 grid-md-12 grid-12\"><div id=\"section-gmb2323c\" class=\"section-gmb2323c gutentor-col-wrap\">\n<div id=\"section-g29cb36\" class=\"wp-block-gutentor-e1 section-g29cb36 gutentor-element gutentor-element-advanced-text\"><div class=\"gutentor-text-wrap\"><p class=\"gutentor-text\"><a href=\"https:\/\/tfi-ingenieure.de\/content\/referenzen\/\" data-type=\"page\">Projektauswahl<\/a>  I  <a href=\"https:\/\/tfi-ingenieure.de\/content\/institutsgebaeude\/\" data-type=\"page\">Forschungsbauten<\/a>  I  <a href=\"https:\/\/tfi-ingenieure.de\/content\/laborbauten\/\" data-type=\"page\">Laborbauten<\/a>  I  <a href=\"https:\/\/tfi-ingenieure.de\/content\/baudenkmaeler\/\" data-type=\"page\">Baudenkm\u00e4ler<\/a>  I  <span style=\"color:#024484\" class=\"has-inline-color\"><strong>Dienstgeb\u00e4ude<\/strong><\/span>  I  <a href=\"https:\/\/tfi-ingenieure.de\/content\/bildungseinrichtungen\/\" data-type=\"page\">Bildungseinrichtungen<\/a> <\/p><\/div><\/div>\n\n\n\n<div id=\"section-ga6becb\" class=\"wp-block-gutentor-e1 section-ga6becb gutentor-element gutentor-element-advanced-text\"><div class=\"gutentor-text-wrap\"><h2 class=\"gutentor-text\">Dienstgeb\u00e4ude<\/h2><\/div><\/div>\n\n\n\n<div id=\"section-gf1fdb3\" class=\"wp-block-gutentor-e1 section-gf1fdb3 gutentor-element gutentor-element-advanced-text\"><div class=\"gutentor-text-wrap\"><p class=\"gutentor-text\">Mit vielen unserer Kunden unterhalten wir langj\u00e4hrige und auf gegenseitigem Vertrauen begr\u00fcndete Gesch\u00e4ftsbeziehungen. Hier ein Auszug realisierter Projekte. <\/p><\/div><\/div>\n\n\n\n<section id=\"gm0688bab\" class=\"wp-block-gutentor-m4 section-gm0688bab gutentor-module gutentor-advanced-columns\"><div class=\"grid-container\"><div class=\"grid-row\">\n<div id=\"col-gmf08c91\" class=\"wp-block-gutentor-m4-col col-gmf08c91 gutentor-single-column  grid-lg-4 grid-md-12 grid-12\"><div id=\"section-gmf08c91\" class=\"section-gmf08c91 gutentor-col-wrap\">\n<div id=\"section-g677fcd\" class=\"wp-block-gutentor-e6 section-g677fcd gutentor-element gutentor-element-image\"><div class=\"gutentor-element-image-box\"><a class=\"gutentor-element-image-link\" href=\"https:\/\/tfi-ingenieure.de\/content\/polizeipraesidium-mannheim-2\/\"><div class=\"gutentor-image-thumb\"><img decoding=\"async\" class=\"normal-image\" src=\"https:\/\/tfi-ingenieure.de\/content\/wp-content\/uploads\/2022\/11\/pol-mannheim-teaser.jpg\" \/><\/div><\/a><\/div><\/div>\n\n\n\n<div id=\"section-ga05e32\" class=\"wp-block-gutentor-e1 section-ga05e32 gutentor-element gutentor-element-advanced-text text-align-center-desktop\"><div class=\"gutentor-text-wrap\"><p class=\"gutentor-text\">Polizeipr\u00e4sidium Mannheim<\/p><\/div><\/div>\n<\/div><\/div>\n\n\n\n<div id=\"col-gmbb6462\" class=\"wp-block-gutentor-m4-col col-gmbb6462 gutentor-single-column  grid-lg-4 grid-md-12 grid-12\"><div id=\"section-gmbb6462\" class=\"section-gmbb6462 gutentor-col-wrap\">\n<div id=\"section-g4c25db\" class=\"wp-block-gutentor-e6 section-g4c25db gutentor-element gutentor-element-image section-g5cf44d\"><div class=\"gutentor-element-image-box\"><a class=\"gutentor-element-image-link\" href=\"https:\/\/tfi-ingenieure.de\/content\/polizeipraesidium-heilbronn\/\"><div class=\"gutentor-image-thumb\"><img decoding=\"async\" class=\"normal-image\" src=\"https:\/\/tfi-ingenieure.de\/content\/wp-content\/uploads\/2022\/11\/polizei-heilbronn.jpg\" \/><\/div><\/a><\/div><\/div>\n\n\n\n<div id=\"section-g0de361\" class=\"wp-block-gutentor-e1 section-g0de361 gutentor-element gutentor-element-advanced-text text-align-center-desktop\"><div class=\"gutentor-text-wrap\"><p class=\"gutentor-text\">Polizeipr\u00e4sidium Heilbronn<\/p><\/div><\/div>\n<\/div><\/div>\n\n\n\n<div id=\"col-gm0f6cf2\" class=\"wp-block-gutentor-m4-col col-gm0f6cf2 gutentor-single-column  grid-lg-4 grid-md-12 grid-12\"><div id=\"section-gm0f6cf2\" class=\"section-gm0f6cf2 gutentor-col-wrap\">\n<div id=\"section-gca1d24\" class=\"wp-block-gutentor-e6 section-gca1d24 gutentor-element gutentor-element-image\"><div class=\"gutentor-element-image-box\"><a class=\"gutentor-element-image-link\" href=\"https:\/\/tfi-ingenieure.de\/content\/polizeirevier-neckarsulm\/\"><div class=\"gutentor-image-thumb\"><img decoding=\"async\" class=\"normal-image\" src=\"https:\/\/tfi-ingenieure.de\/content\/wp-content\/uploads\/2022\/11\/neckarsulm-polizei-teaser.jpg\" \/><\/div><\/a><\/div><\/div>\n\n\n\n<div id=\"section-gee9be0\" class=\"wp-block-gutentor-e1 section-gee9be0 gutentor-element gutentor-element-advanced-text text-align-center-desktop\"><div class=\"gutentor-text-wrap\"><p class=\"gutentor-text\">Polizeirevier Neckarsulm<\/p><\/div><\/div>\n<\/div><\/div>\n<\/div><\/div><\/section>\n\n\n\n<section id=\"gm66132f6\" class=\"wp-block-gutentor-m4 section-gm66132f6 gutentor-module gutentor-advanced-columns\"><div class=\"grid-container\"><div class=\"grid-row\">\n<div id=\"col-gmd762cb\" class=\"wp-block-gutentor-m4-col col-gmd762cb gutentor-single-column  grid-lg-4 grid-md-12 grid-12\"><div id=\"section-gmd762cb\" class=\"section-gmd762cb gutentor-col-wrap\">\n<div id=\"section-g4beff4\" class=\"wp-block-gutentor-e6 section-g4beff4 gutentor-element gutentor-element-image section-ge9cf63\"><div class=\"gutentor-element-image-box\"><a class=\"gutentor-element-image-link\" href=\"https:\/\/tfi-ingenieure.de\/content\/polizeidirektion-heidelberg\/\"><div class=\"gutentor-image-thumb\"><img decoding=\"async\" class=\"normal-image\" src=\"https:\/\/tfi-ingenieure.de\/content\/wp-content\/uploads\/2023\/03\/polizei-heidelberg-1.jpg\" \/><\/div><\/a><\/div><\/div>\n\n\n\n<div id=\"section-g3f61c9\" class=\"wp-block-gutentor-e1 section-g3f61c9 gutentor-element gutentor-element-advanced-text text-align-center-desktop\"><div class=\"gutentor-text-wrap\"><p class=\"gutentor-text\">Polizeipr\u00e4sidium, Heidelberg<\/p><\/div><\/div>\n<\/div><\/div>\n\n\n\n<div id=\"col-gm8c5eb5\" class=\"wp-block-gutentor-m4-col col-gm8c5eb5 gutentor-single-column  grid-lg-4 grid-md-12 grid-12\"><div id=\"section-gm8c5eb5\" class=\"section-gm8c5eb5 gutentor-col-wrap\"><\/div><\/div>\n\n\n\n<div id=\"col-gm7ad074\" class=\"wp-block-gutentor-m4-col col-gm7ad074 gutentor-single-column  grid-lg-4 grid-md-12 grid-12\"><div id=\"section-gm7ad074\" class=\"section-gm7ad074 gutentor-col-wrap\"><\/div><\/div>\n<\/div><\/div><\/section>\n<\/div><\/div>\n<\/div><\/div><\/section>\n","protected":false},"excerpt":{"rendered":"","protected":false},"author":2,"featured_media":0,"parent":0,"menu_order":0,"comment_status":"closed","ping_status":"closed","template":"template-gutentor-full-width.php","meta":{"footnotes":""},"class_list":["post-655","page","type-page","status-publish","hentry"],"_links":{"self":[{"href":"https:\/\/tfi-ingenieure.de\/content\/wp-json\/wp\/v2\/pages\/655","targetHints":{"allow":["GET"]}}],"collection":[{"href":"https:\/\/tfi-ingenieure.de\/content\/wp-json\/wp\/v2\/pages"}],"about":[{"href":"https:\/\/tfi-ingenieure.de\/content\/wp-json\/wp\/v2\/types\/page"}],"author":[{"embeddable":true,"href":"https:\/\/tfi-ingenieure.de\/content\/wp-json\/wp\/v2\/users\/2"}],"replies":[{"embeddable":true,"href":"https:\/\/tfi-ingenieure.de\/content\/wp-json\/wp\/v2\/comments?post=655"}],"version-history":[{"count":36,"href":"https:\/\/tfi-ingenieure.de\/content\/wp-json\/wp\/v2\/pages\/655\/revisions"}],"predecessor-version":[{"id":1915,"href":"https:\/\/tfi-ingenieure.de\/content\/wp-json\/wp\/v2\/pages\/655\/revisions\/1915"}],"wp:attachment":[{"href":"https:\/\/tfi-ingenieure.de\/content\/wp-json\/wp\/v2\/media?parent=655"}],"curies":[{"name":"wp","href":"https:\/\/api.w.org\/{rel}","templated":true}]}}