{"id":689,"date":"2022-10-25T09:49:06","date_gmt":"2022-10-25T07:49:06","guid":{"rendered":"https:\/\/grafix-dezign.de\/tfi-ingenieure\/?page_id=689"},"modified":"2025-06-25T17:05:40","modified_gmt":"2025-06-25T15:05:40","slug":"bildungseinrichtungen","status":"publish","type":"page","link":"https:\/\/tfi-ingenieure.de\/content\/bildungseinrichtungen\/","title":{"rendered":"Bildungseinrichtungen"},"content":{"rendered":"\n<div id=\"section-g184616\" class=\"wp-block-gutentor-e6 section-g184616 gutentor-element gutentor-element-image\"><div class=\"gutentor-element-image-box\"><div class=\"gutentor-bg-image\"><\/div><\/div><\/div>\n\n\n\n<section id=\"gm7e7c715\" class=\"wp-block-gutentor-m4 section-gm7e7c715 gutentor-module gutentor-advanced-columns has-image-bg has-custom-bg\"><div class=\"grid-container\"><div class=\"grid-row\">\n<div id=\"col-gmde8642\" class=\"wp-block-gutentor-m4-col col-gmde8642 gutentor-single-column  grid-lg-12 grid-md-12 grid-12\"><div id=\"section-gmde8642\" class=\"section-gmde8642 gutentor-col-wrap\">\n<div id=\"section-g42ad25\" class=\"wp-block-gutentor-e1 section-g42ad25 gutentor-element gutentor-element-advanced-text\"><div class=\"gutentor-text-wrap\"><p class=\"gutentor-text\"><a href=\"https:\/\/tfi-ingenieure.de\/content\/referenzen\/\" data-type=\"page\">Projektauswahl<\/a>  I  <a href=\"https:\/\/tfi-ingenieure.de\/content\/referenzen\/\" data-type=\"page\">Forschungsbauten<\/a>  I  <a href=\"https:\/\/tfi-ingenieure.de\/content\/laborbauten\/\" data-type=\"page\">Laborbauten<\/a>  I  <a href=\"https:\/\/tfi-ingenieure.de\/content\/baudenkmaeler\/\" data-type=\"page\">Baudenkm\u00e4ler<\/a>  I  <a href=\"https:\/\/tfi-ingenieure.de\/content\/dienstgebaeude\/\" data-type=\"page\">Dienstgeb\u00e4ude<\/a>  I  <span style=\"color:#024484\" class=\"has-inline-color\"><strong>Bildungseinrichtungen<\/strong> <\/span><\/p><\/div><\/div>\n\n\n\n<div id=\"section-g2f1b7f\" class=\"wp-block-gutentor-e1 section-g2f1b7f gutentor-element gutentor-element-advanced-text\"><div class=\"gutentor-text-wrap\"><h2 class=\"gutentor-text\">Bildungseinrichtungen<\/h2><\/div><\/div>\n\n\n\n<div id=\"section-geac4d5\" class=\"wp-block-gutentor-e1 section-geac4d5 gutentor-element gutentor-element-advanced-text\"><div class=\"gutentor-text-wrap\"><p class=\"gutentor-text\">Mit vielen unserer Kunden unterhalten wir langj\u00e4hrige und auf gegenseitigem Vertrauen begr\u00fcndete Gesch\u00e4ftsbeziehungen. Hier ein Auszug realisierter Projekte. <\/p><\/div><\/div>\n\n\n\n<section id=\"gm0ed6073\" class=\"wp-block-gutentor-m4 section-gm0ed6073 gutentor-module gutentor-advanced-columns\"><div class=\"grid-container\"><div class=\"grid-row\">\n<div id=\"col-gm9ec99c\" class=\"wp-block-gutentor-m4-col col-gm9ec99c gutentor-single-column  grid-lg-4 grid-md-12 grid-12\"><div id=\"section-gm9ec99c\" class=\"section-gm9ec99c gutentor-col-wrap\">\n<div id=\"section-ga8c1a1\" class=\"wp-block-gutentor-e6 section-ga8c1a1 gutentor-element gutentor-element-image\"><div class=\"gutentor-element-image-box\"><a class=\"gutentor-element-image-link\" href=\"https:\/\/tfi-ingenieure.de\/content\/igslo-ludwigshafen-oggersheim\/\"><div class=\"gutentor-image-thumb\"><img decoding=\"async\" class=\"normal-image\" src=\"https:\/\/tfi-ingenieure.de\/content\/wp-content\/uploads\/2022\/12\/igslo-ludwigshafen-5.jpg\"\/><\/div><\/a><\/div><\/div>\n\n\n\n<div id=\"section-g28c7a7\" class=\"wp-block-gutentor-e1 section-g28c7a7 gutentor-element gutentor-element-advanced-text text-align-center-desktop\"><div class=\"gutentor-text-wrap\"><p class=\"gutentor-text\">IGSLO, Ludwigshafen-Oggersheim<\/p><\/div><\/div>\n<\/div><\/div>\n\n\n\n<div id=\"col-gmb6217f\" class=\"wp-block-gutentor-m4-col col-gmb6217f gutentor-single-column  grid-lg-4 grid-md-12 grid-12\"><div id=\"section-gmb6217f\" class=\"section-gmb6217f gutentor-col-wrap\">\n<div id=\"section-g69b9cc\" class=\"wp-block-gutentor-e6 section-g69b9cc gutentor-element gutentor-element-image\"><div class=\"gutentor-element-image-box\"><a class=\"gutentor-element-image-link\" href=\"https:\/\/tfi-ingenieure.de\/content\/s-rupprecht-kopernikus-schule-ludwigshafen\/\"><div class=\"gutentor-image-thumb\"><img decoding=\"async\" class=\"normal-image\" src=\"https:\/\/tfi-ingenieure.de\/content\/wp-content\/uploads\/2022\/10\/rupprecht-kopernikus-ludwig.jpg\"\/><\/div><\/a><\/div><\/div>\n\n\n\n<div id=\"section-g66988b\" class=\"wp-block-gutentor-e1 section-g66988b gutentor-element gutentor-element-advanced-text text-align-center-desktop\"><div class=\"gutentor-text-wrap\"><p class=\"gutentor-text\">S. Rupprecht-Kopernikus-Schule, Ludwigshafen<\/p><\/div><\/div>\n<\/div><\/div>\n\n\n\n<div id=\"col-gm5e066c\" class=\"wp-block-gutentor-m4-col col-gm5e066c gutentor-single-column  grid-lg-4 grid-md-12 grid-12\"><div id=\"section-gm5e066c\" class=\"section-gm5e066c gutentor-col-wrap\">\n<div id=\"section-g531742\" class=\"wp-block-gutentor-e6 section-g531742 gutentor-element gutentor-element-image\"><div class=\"gutentor-element-image-box\"><a class=\"gutentor-element-image-link\" href=\"https:\/\/tfi-ingenieure.de\/content\/schloss-schule-ilvesheim\/\"><div class=\"gutentor-image-thumb\"><img decoding=\"async\" class=\"normal-image\" src=\"https:\/\/tfi-ingenieure.de\/content\/wp-content\/uploads\/2022\/10\/schlossschule-ilvesheim.jpg\"\/><\/div><\/a><\/div><\/div>\n\n\n\n<div id=\"section-gba890f\" class=\"wp-block-gutentor-e1 section-gba890f gutentor-element gutentor-element-advanced-text text-align-center-desktop\"><div class=\"gutentor-text-wrap\"><p class=\"gutentor-text\">Schloss-Schule, Ilvesheim<\/p><\/div><\/div>\n<\/div><\/div>\n<\/div><\/div><\/section>\n\n\n\n<section id=\"gmf2fa96b\" class=\"wp-block-gutentor-m4 section-gmf2fa96b gutentor-module gutentor-advanced-columns\"><div class=\"grid-container\"><div class=\"grid-row\">\n<div id=\"col-gm51eb80\" class=\"wp-block-gutentor-m4-col col-gm51eb80 gutentor-single-column  grid-lg-4 grid-md-12 grid-12\"><div id=\"section-gm51eb80\" class=\"section-gm51eb80 gutentor-col-wrap\">\n<div id=\"section-gaf48cb\" class=\"wp-block-gutentor-e6 section-gaf48cb gutentor-element gutentor-element-image\"><div class=\"gutentor-element-image-box\"><a class=\"gutentor-element-image-link\" href=\"https:\/\/tfi-ingenieure.de\/content\/sandhofenschule-mannheim\/\"><div class=\"gutentor-image-thumb\"><img decoding=\"async\" class=\"normal-image\" src=\"https:\/\/tfi-ingenieure.de\/content\/wp-content\/uploads\/2022\/11\/sandhofenschule-mannheim.jpg\"\/><\/div><\/a><\/div><\/div>\n\n\n\n<div id=\"section-g23512e\" class=\"wp-block-gutentor-e1 section-g23512e gutentor-element gutentor-element-advanced-text text-align-center-desktop\"><div class=\"gutentor-text-wrap\"><p class=\"gutentor-text\">Sandhofenschule, Mannheim<\/p><\/div><\/div>\n<\/div><\/div>\n\n\n\n<div id=\"col-gm7d594b\" class=\"wp-block-gutentor-m4-col col-gm7d594b gutentor-single-column  grid-lg-4 grid-md-12 grid-12\"><div id=\"section-gm7d594b\" class=\"section-gm7d594b gutentor-col-wrap\"><\/div><\/div>\n\n\n\n<div id=\"col-gmb2e32e\" class=\"wp-block-gutentor-m4-col col-gmb2e32e gutentor-single-column  grid-lg-4 grid-md-12 grid-12\"><div id=\"section-gmb2e32e\" class=\"section-gmb2e32e gutentor-col-wrap\"><\/div><\/div>\n<\/div><\/div><\/section>\n<\/div><\/div>\n<\/div><\/div><\/section>\n","protected":false},"excerpt":{"rendered":"","protected":false},"author":2,"featured_media":0,"parent":0,"menu_order":0,"comment_status":"closed","ping_status":"closed","template":"template-gutentor-full-width.php","meta":{"footnotes":""},"class_list":["post-689","page","type-page","status-publish","hentry"],"_links":{"self":[{"href":"https:\/\/tfi-ingenieure.de\/content\/wp-json\/wp\/v2\/pages\/689","targetHints":{"allow":["GET"]}}],"collection":[{"href":"https:\/\/tfi-ingenieure.de\/content\/wp-json\/wp\/v2\/pages"}],"about":[{"href":"https:\/\/tfi-ingenieure.de\/content\/wp-json\/wp\/v2\/types\/page"}],"author":[{"embeddable":true,"href":"https:\/\/tfi-ingenieure.de\/content\/wp-json\/wp\/v2\/users\/2"}],"replies":[{"embeddable":true,"href":"https:\/\/tfi-ingenieure.de\/content\/wp-json\/wp\/v2\/comments?post=689"}],"version-history":[{"count":27,"href":"https:\/\/tfi-ingenieure.de\/content\/wp-json\/wp\/v2\/pages\/689\/revisions"}],"predecessor-version":[{"id":1918,"href":"https:\/\/tfi-ingenieure.de\/content\/wp-json\/wp\/v2\/pages\/689\/revisions\/1918"}],"wp:attachment":[{"href":"https:\/\/tfi-ingenieure.de\/content\/wp-json\/wp\/v2\/media?parent=689"}],"curies":[{"name":"wp","href":"https:\/\/api.w.org\/{rel}","templated":true}]}}