{"id":713,"date":"2022-10-25T15:35:11","date_gmt":"2022-10-25T13:35:11","guid":{"rendered":"https:\/\/grafix-dezign.de\/tfi-ingenieure\/?page_id=713"},"modified":"2025-06-30T11:40:07","modified_gmt":"2025-06-30T09:40:07","slug":"impressum","status":"publish","type":"page","link":"https:\/\/tfi-ingenieure.de\/content\/impressum\/","title":{"rendered":"Impressum"},"content":{"rendered":"\n<div id=\"section-gf6ab19\" class=\"wp-block-gutentor-e6 section-gf6ab19 gutentor-element gutentor-element-image\"><div class=\"gutentor-element-image-box\"><div class=\"gutentor-bg-image\"><\/div><\/div><\/div>\n\n\n\n<section id=\"gm7ae39a3\" class=\"wp-block-gutentor-m4 section-gm7ae39a3 gutentor-module gutentor-advanced-columns has-image-bg has-custom-bg\"><div class=\"grid-container\"><div class=\"grid-row\">\n<div id=\"col-gm8ae6ee\" class=\"wp-block-gutentor-m4-col col-gm8ae6ee gutentor-single-column  grid-lg-12 grid-md-12 grid-12\"><div id=\"section-gm8ae6ee\" class=\"section-gm8ae6ee gutentor-col-wrap\">\n<div id=\"section-g332b39\" class=\"wp-block-gutentor-e1 section-g332b39 gutentor-element gutentor-element-advanced-text\"><div class=\"gutentor-text-wrap\"><h2 class=\"gutentor-text\">Impressum<\/h2><\/div><\/div>\n\n\n\n<div id=\"section-ga8b1ce\" class=\"wp-block-gutentor-e6 section-ga8b1ce gutentor-element gutentor-element-image\"><div class=\"gutentor-element-image-box\"><div class=\"gutentor-image-thumb\"><img decoding=\"async\" class=\"normal-image\" src=\"https:\/\/tfi-ingenieure.de\/content\/wp-content\/uploads\/2022\/12\/tfi-ingenieure-transparent.png\" \/><\/div><\/div><\/div>\n\n\n\n<div id=\"section-gd67ef2\" class=\"wp-block-gutentor-e1 section-gd67ef2 gutentor-element gutentor-element-advanced-text\"><div class=\"gutentor-text-wrap\"><p class=\"gutentor-text\">Sigmund-Schuckert-Str. 17<br>D-68199 Mannheim<br><br>Telefon: +49 621 875598 3<br>Telefax: +49 621 875598 57<br><br>E-Mail: <a href=\"mailto:mail@tfi-ingenieure.de\">mail@tfi-ingenieure.de<\/a><br>Internet: www.tfi-ingenieure.de<\/p><\/div><\/div>\n\n\n\n<div id=\"section-gea5a69\" class=\"wp-block-gutentor-e1 section-gea5a69 gutentor-element gutentor-element-advanced-text\"><div class=\"gutentor-text-wrap\"><p class=\"gutentor-text\"><strong>Umsatzsteuer-Identifikationsnummer<\/strong> <br>gem\u00e4\u00df \u00a7 27 a Umsatzsteuergesetz: DE 217027209<br><br><strong>Inhaltlich Verantwortlicher<\/strong> <br>gem\u00e4\u00df \u00a7 10 Absatz 3 MDStV:<br>Klaus Tilgner (Anschrift wie oben)<br><br><strong>Haftungshinweis<\/strong><br>Trotz sorgf\u00e4ltiger inhaltlicher Kontrolle \u00fcbernehmen wir keine Haftung f\u00fcr die Inhalte externer Links. F\u00fcr den Inhalt der verlinkten Seiten sind ausschlie\u00dflich deren Betreiber verantwortlich.<\/p><\/div><\/div>\n<\/div><\/div>\n<\/div><\/div><\/section>\n","protected":false},"excerpt":{"rendered":"","protected":false},"author":2,"featured_media":0,"parent":0,"menu_order":0,"comment_status":"closed","ping_status":"closed","template":"template-gutentor-full-width.php","meta":{"footnotes":""},"class_list":["post-713","page","type-page","status-publish","hentry"],"_links":{"self":[{"href":"https:\/\/tfi-ingenieure.de\/content\/wp-json\/wp\/v2\/pages\/713","targetHints":{"allow":["GET"]}}],"collection":[{"href":"https:\/\/tfi-ingenieure.de\/content\/wp-json\/wp\/v2\/pages"}],"about":[{"href":"https:\/\/tfi-ingenieure.de\/content\/wp-json\/wp\/v2\/types\/page"}],"author":[{"embeddable":true,"href":"https:\/\/tfi-ingenieure.de\/content\/wp-json\/wp\/v2\/users\/2"}],"replies":[{"embeddable":true,"href":"https:\/\/tfi-ingenieure.de\/content\/wp-json\/wp\/v2\/comments?post=713"}],"version-history":[{"count":11,"href":"https:\/\/tfi-ingenieure.de\/content\/wp-json\/wp\/v2\/pages\/713\/revisions"}],"predecessor-version":[{"id":1963,"href":"https:\/\/tfi-ingenieure.de\/content\/wp-json\/wp\/v2\/pages\/713\/revisions\/1963"}],"wp:attachment":[{"href":"https:\/\/tfi-ingenieure.de\/content\/wp-json\/wp\/v2\/media?parent=713"}],"curies":[{"name":"wp","href":"https:\/\/api.w.org\/{rel}","templated":true}]}}